{"id":8031,"date":"2020-02-28T08:33:18","date_gmt":"2020-02-28T08:33:18","guid":{"rendered":"https:\/\/sauceong.org\/?page_id=8031"},"modified":"2020-03-06T09:25:44","modified_gmt":"2020-03-06T09:25:44","slug":"condiciones-de-uso","status":"publish","type":"page","link":"https:\/\/sauceong.org\/en\/condiciones-de-uso\/","title":{"rendered":"Condiciones de uso"},"content":{"rendered":"<section class=\"l-section wpb_row us_custom_1c5685e2 height_auto\"><div class=\"l-section-h i-cf\"><div class=\"g-cols vc_row via_flex valign_top type_default stacking_default\"><div class=\"vc_col-sm-12 wpb_column vc_column_container\"><div class=\"vc_column-inner\"><div class=\"wpb_wrapper\"><div class=\"wpb_text_column\"><div class=\"wpb_wrapper\"><h1><span style=\"color: #32b776;\">Condiciones de Uso<\/span><\/h1>\n<\/div><\/div><div class=\"w-separator size_custom\" style=\"height:60px\"><\/div><div class=\"wpb_text_column us_custom_f4a8f6e7\"><div class=\"wpb_wrapper\"><p class=\"p1\">Al acceder y utilizar la web site de Solidaridad, Ayuda y Uni\u00f3n, Crean Esperanza (Sauce) o al usar y\/o descargar cualquier contenido de la misma, usted conviene y acepta las condiciones que a continuaci\u00f3n se indica.<\/p>\n<p>Todos los materiales contenidos en la web site de Sauce se facilitan \u00fanicamente para fines informativos y no deber\u00e1n interpretarse como una oferta comercial, una licencia, o una relaci\u00f3n de asesoramiento, profesional entre usted y Sauce. Ninguna de las informaciones facilitadas en esta web site debe entenderse como sustitutiva de su investigaci\u00f3n independiente.<\/p>\n<p>Sauce no se responsabilizar\u00e1 de los contenidos de ninguna de las websites conectadas a ella o por ninguna conexi\u00f3n habida dentro de estas web sites conectadas.<\/p>\n<p>La presente web site web est\u00e1 protegida por los derechos de propiedad intelectual y \u00e9stos son de exclusiva propiedad de Sauce.<\/p>\n<p>La empresa no se responsabilizar\u00e1 de los da\u00f1os indirectos, resultantes o imprevistos, incluyendo, entre otros, p\u00e9rdida o resultados negativos, interrupci\u00f3n del negocio, p\u00e9rdida de datos como consecuencia o con relaci\u00f3n al uso, incapacidad de uso o dependencia de cualquier contenido incluido en esta web site o en alguna web site conectada.<\/p>\n<p>Sauce se reserva el derecho a cambiar en cualquier momento y sin previa notificaci\u00f3n las condiciones de uso que por las que se ofrece esta web site. Usted estar\u00e1 autom\u00e1ticamente obligado por estas condiciones cuando use esta web site y deber\u00e1 leer peri\u00f3dicamente dichas condiciones de uso.<\/p>\n<\/div><\/div><div class=\"w-separator size_custom\" style=\"height:100px\"><\/div><\/div><\/div><\/div><\/div><\/div><\/section>\n","protected":false},"excerpt":{"rendered":"Condiciones de Uso Al acceder y utilizar la web site de Solidaridad, Ayuda y Uni\u00f3n, Crean Esperanza (Sauce) o al usar y\/o descargar cualquier contenido de la misma, usted conviene y acepta las condiciones que a continuaci\u00f3n se indica. Todos los materiales contenidos en la web site de Sauce se facilitan \u00fanicamente para fines informativos...","protected":false},"author":4,"featured_media":0,"parent":0,"menu_order":0,"comment_status":"closed","ping_status":"closed","template":"","meta":{"footnotes":""},"class_list":["post-8031","page","type-page","status-publish","hentry"],"yoast_head":"<!-- This site is optimized with the Yoast SEO plugin v22.7 - https:\/\/yoast.com\/wordpress\/plugins\/seo\/ -->\n<title>Condiciones de uso - SAUCE ONG<\/title>\n<meta name=\"robots\" content=\"index, follow, max-snippet:-1, max-image-preview:large, max-video-preview:-1\" \/>\n<link rel=\"canonical\" href=\"https:\/\/sauceong.org\/en\/condiciones-de-uso\/\" \/>\n<meta property=\"og:locale\" content=\"en_US\" \/>\n<meta property=\"og:type\" content=\"article\" \/>\n<meta property=\"og:title\" content=\"Condiciones de uso - SAUCE ONG\" \/>\n<meta property=\"og:url\" content=\"https:\/\/sauceong.org\/en\/condiciones-de-uso\/\" \/>\n<meta property=\"og:site_name\" content=\"SAUCE ONG\" \/>\n<meta property=\"article:modified_time\" content=\"2020-03-06T09:25:44+00:00\" \/>\n<meta name=\"twitter:card\" content=\"summary_large_image\" \/>\n<meta name=\"twitter:label1\" content=\"Est. reading time\" \/>\n\t<meta name=\"twitter:data1\" content=\"2 minutes\" \/>\n<script type=\"application\/ld+json\" class=\"yoast-schema-graph\">{\"@context\":\"https:\/\/schema.org\",\"@graph\":[{\"@type\":\"WebPage\",\"@id\":\"https:\/\/sauceong.org\/en\/condiciones-de-uso\/\",\"url\":\"https:\/\/sauceong.org\/en\/condiciones-de-uso\/\",\"name\":\"Condiciones de uso - SAUCE ONG\",\"isPartOf\":{\"@id\":\"https:\/\/sauceong.org\/en\/#website\"},\"datePublished\":\"2020-02-28T08:33:18+00:00\",\"dateModified\":\"2020-03-06T09:25:44+00:00\",\"breadcrumb\":{\"@id\":\"https:\/\/sauceong.org\/en\/condiciones-de-uso\/#breadcrumb\"},\"inLanguage\":\"en-US\",\"potentialAction\":[{\"@type\":\"ReadAction\",\"target\":[\"https:\/\/sauceong.org\/en\/condiciones-de-uso\/\"]}]},{\"@type\":\"BreadcrumbList\",\"@id\":\"https:\/\/sauceong.org\/en\/condiciones-de-uso\/#breadcrumb\",\"itemListElement\":[{\"@type\":\"ListItem\",\"position\":1,\"name\":\"Home\",\"item\":\"https:\/\/sauceong.org\/en\/\"},{\"@type\":\"ListItem\",\"position\":2,\"name\":\"Condiciones de uso\"}]},{\"@type\":\"WebSite\",\"@id\":\"https:\/\/sauceong.org\/en\/#website\",\"url\":\"https:\/\/sauceong.org\/en\/\",\"name\":\"SAUCE ONG\",\"description\":\"Unidos con Camboya para un futuro mejor\",\"potentialAction\":[{\"@type\":\"SearchAction\",\"target\":{\"@type\":\"EntryPoint\",\"urlTemplate\":\"https:\/\/sauceong.org\/en\/?s={search_term_string}\"},\"query-input\":\"required name=search_term_string\"}],\"inLanguage\":\"en-US\"}]}<\/script>\n<!-- \/ Yoast SEO plugin. -->","yoast_head_json":{"title":"Condiciones de uso - SAUCE ONG","robots":{"index":"index","follow":"follow","max-snippet":"max-snippet:-1","max-image-preview":"max-image-preview:large","max-video-preview":"max-video-preview:-1"},"canonical":"https:\/\/sauceong.org\/en\/condiciones-de-uso\/","og_locale":"en_US","og_type":"article","og_title":"Condiciones de uso - SAUCE ONG","og_url":"https:\/\/sauceong.org\/en\/condiciones-de-uso\/","og_site_name":"SAUCE ONG","article_modified_time":"2020-03-06T09:25:44+00:00","twitter_card":"summary_large_image","twitter_misc":{"Est. reading time":"2 minutes"},"schema":{"@context":"https:\/\/schema.org","@graph":[{"@type":"WebPage","@id":"https:\/\/sauceong.org\/en\/condiciones-de-uso\/","url":"https:\/\/sauceong.org\/en\/condiciones-de-uso\/","name":"Condiciones de uso - SAUCE ONG","isPartOf":{"@id":"https:\/\/sauceong.org\/en\/#website"},"datePublished":"2020-02-28T08:33:18+00:00","dateModified":"2020-03-06T09:25:44+00:00","breadcrumb":{"@id":"https:\/\/sauceong.org\/en\/condiciones-de-uso\/#breadcrumb"},"inLanguage":"en-US","potentialAction":[{"@type":"ReadAction","target":["https:\/\/sauceong.org\/en\/condiciones-de-uso\/"]}]},{"@type":"BreadcrumbList","@id":"https:\/\/sauceong.org\/en\/condiciones-de-uso\/#breadcrumb","itemListElement":[{"@type":"ListItem","position":1,"name":"Home","item":"https:\/\/sauceong.org\/en\/"},{"@type":"ListItem","position":2,"name":"Condiciones de uso"}]},{"@type":"WebSite","@id":"https:\/\/sauceong.org\/en\/#website","url":"https:\/\/sauceong.org\/en\/","name":"SAUCE ONG","description":"Unidos con Camboya para un futuro mejor","potentialAction":[{"@type":"SearchAction","target":{"@type":"EntryPoint","urlTemplate":"https:\/\/sauceong.org\/en\/?s={search_term_string}"},"query-input":"required name=search_term_string"}],"inLanguage":"en-US"}]}},"_links":{"self":[{"href":"https:\/\/sauceong.org\/en\/wp-json\/wp\/v2\/pages\/8031","targetHints":{"allow":["GET"]}}],"collection":[{"href":"https:\/\/sauceong.org\/en\/wp-json\/wp\/v2\/pages"}],"about":[{"href":"https:\/\/sauceong.org\/en\/wp-json\/wp\/v2\/types\/page"}],"author":[{"embeddable":true,"href":"https:\/\/sauceong.org\/en\/wp-json\/wp\/v2\/users\/4"}],"replies":[{"embeddable":true,"href":"https:\/\/sauceong.org\/en\/wp-json\/wp\/v2\/comments?post=8031"}],"version-history":[{"count":2,"href":"https:\/\/sauceong.org\/en\/wp-json\/wp\/v2\/pages\/8031\/revisions"}],"predecessor-version":[{"id":8145,"href":"https:\/\/sauceong.org\/en\/wp-json\/wp\/v2\/pages\/8031\/revisions\/8145"}],"wp:attachment":[{"href":"https:\/\/sauceong.org\/en\/wp-json\/wp\/v2\/media?parent=8031"}],"curies":[{"name":"wp","href":"https:\/\/api.w.org\/{rel}","templated":true}]}}