{"id":8034,"date":"2020-02-28T08:34:53","date_gmt":"2020-02-28T08:34:53","guid":{"rendered":"https:\/\/sauceong.org\/?page_id=8034"},"modified":"2023-09-13T10:48:42","modified_gmt":"2023-09-13T08:48:42","slug":"team","status":"publish","type":"page","link":"https:\/\/sauceong.org\/en\/team\/","title":{"rendered":"Team"},"content":{"rendered":"<section class=\"l-section wpb_row us_custom_8807b6b2 height_medium\"><div class=\"l-section-h i-cf\"><div class=\"g-cols vc_row via_flex valign_top type_default stacking_default\"><div class=\"vc_col-sm-12 wpb_column vc_column_container\"><div class=\"vc_column-inner\"><div class=\"wpb_wrapper\">\n\t\t\t<!-- START Equipo 11 REVOLUTION SLIDER 6.7.11 --><p class=\"rs-p-wp-fix\"><\/p>\n\t\t\t<rs-module-wrap id=\"rev_slider_24_1_wrapper\" data-source=\"gallery\" style=\"visibility:hidden;background:transparent;padding:0;margin:0px auto;margin-top:0;margin-bottom:0;\">\n\t\t\t\t<rs-module id=\"rev_slider_24_1\" style=\"\" data-version=\"6.7.11\">\n\t\t\t\t\t<rs-slides style=\"overflow: hidden; position: absolute;\">\n\t\t\t\t\t\t<rs-slide style=\"position: absolute;\" data-key=\"rs-39\" data-title=\"Slide\" data-anim=\"ms:600;r:0;\" data-in=\"o:0;\" data-out=\"a:false;\">\n\t\t\t\t\t\t\t<img decoding=\"async\" src=\"\/\/sauceong.org\/wp-content\/plugins\/revslider\/sr6\/assets\/assets\/dummy.png\" alt=\"\" title=\"Equipo\" width=\"1032\" height=\"274\" class=\"rev-slidebg tp-rs-img rs-lazyload\" data-lazyload=\"\/\/sauceong.org\/wp-content\/uploads\/2019\/09\/Equipo.jpg\" data-bg=\"p:center bottom;\" data-panzoom=\"d:10000;ss:100;se:105;\" data-no-retina>\n<!--\n\t\t\t\t\t\t\t--><rs-layer\n\t\t\t\t\t\t\t\tid=\"slider-24-slide-39-layer-1\" \n\t\t\t\t\t\t\t\tclass=\"tp-shapetp-shapewrapper\"\n\t\t\t\t\t\t\t\tdata-type=\"shape\"\n\t\t\t\t\t\t\t\tdata-rsp_ch=\"on\"\n\t\t\t\t\t\t\t\tdata-xy=\"xo:27px,27px,39px,36px;yo:291px,291px,108px,128px;\"\n\t\t\t\t\t\t\t\tdata-text=\"fw:800;a:inherit;\"\n\t\t\t\t\t\t\t\tdata-dim=\"w:197px,197px,126px,97px;h:68px,68px,48px,35px;\"\n\t\t\t\t\t\t\t\tdata-frame_0=\"o:1;\"\n\t\t\t\t\t\t\t\tdata-frame_0_sfx=\"se:blocktoright;fxc:#32b776;\"\n\t\t\t\t\t\t\t\tdata-frame_1=\"e:power4.inOut;sp:2000;sR:10;\"\n\t\t\t\t\t\t\t\tdata-frame_1_sfx=\"se:blocktoright;fxc:#32b776;\"\n\t\t\t\t\t\t\t\tdata-frame_999=\"o:0;st:w;sR:6990;\"\n\t\t\t\t\t\t\t\tstyle=\"z-index:8;background-color:#2f2c59;\"\n\t\t\t\t\t\t\t> \n\t\t\t\t\t\t\t<\/rs-layer><!--\n\n\t\t\t\t\t\t\t--><rs-layer\n\t\t\t\t\t\t\t\tid=\"slider-24-slide-39-layer-2\" \n\t\t\t\t\t\t\t\tdata-type=\"text\"\n\t\t\t\t\t\t\t\tdata-color=\"#e1f7eb\"\n\t\t\t\t\t\t\t\tdata-rsp_ch=\"on\"\n\t\t\t\t\t\t\t\tdata-xy=\"xo:46px,46px,51px,46px;yo:315px,315px,122px,135px;\"\n\t\t\t\t\t\t\t\tdata-text=\"s:48,48,32,25;l:22;fw:800;a:inherit;\"\n\t\t\t\t\t\t\t\tdata-dim=\"h:39px;\"\n\t\t\t\t\t\t\t\tdata-frame_1=\"e:power3.in;sp:1500;sR:10;\"\n\t\t\t\t\t\t\t\tdata-frame_999=\"o:0;st:w;sp:0;sR:7490;\"\n\t\t\t\t\t\t\t\tstyle=\"z-index:9;font-family:'Nunito';\"\n\t\t\t\t\t\t\t>Team \n\t\t\t\t\t\t\t<\/rs-layer><!--\n-->\t\t\t\t\t<\/rs-slide>\n\t\t\t\t\t<\/rs-slides>\n\t\t\t\t<\/rs-module>\n\t\t\t\t<script>\n\t\t\t\t\tsetREVStartSize({c: 'rev_slider_24_1',rl:[1240,1024,778,480],el:[400,350,200,200],gw:[1240,1024,778,500],gh:[400,400,250,200],type:'standard',justify:'',layout:'fullwidth',mh:\"0\"});if (window.RS_MODULES!==undefined && window.RS_MODULES.modules!==undefined && window.RS_MODULES.modules[\"revslider241\"]!==undefined) {window.RS_MODULES.modules[\"revslider241\"].once = false;window.revapi24 = undefined;if (window.RS_MODULES.checkMinimal!==undefined) window.RS_MODULES.checkMinimal()}\n\t\t\t\t<\/script>\n\t\t\t<\/rs-module-wrap>\n\t\t\t<!-- END REVOLUTION SLIDER -->\n<\/div><\/div><\/div><\/div><\/div><\/section><section class=\"l-section wpb_row height_medium\"><div class=\"l-section-h i-cf\"><div class=\"g-cols vc_row via_flex valign_top type_default stacking_default\"><div class=\"vc_col-sm-12 wpb_column vc_column_container\"><div class=\"vc_column-inner\"><div class=\"wpb_wrapper\"><div class=\"wpb_text_column\"><div class=\"wpb_wrapper\"><h1 class=\"p1\" style=\"text-align: center;\"><span class=\"s1\" style=\"color: #32b776;\"><b>This is how we organize<\/b><\/span><\/h1>\n<\/div><\/div><div class=\"wpb_text_column\"><div class=\"wpb_wrapper\"><h1 class=\"p1\" style=\"text-align: center;\"><span class=\"s1\" style=\"color: #32b776;\"><b>for taking decisions<\/b><\/span><\/h1>\n<\/div><\/div><div class=\"w-separator size_custom\" style=\"height:80px\"><\/div><div class=\"g-cols wpb_row via_flex valign_top type_default stacking_default\" style=\"--additional-gap:4rem;\"><div class=\"vc_col-sm-3 wpb_column vc_column_container\"><div class=\"vc_column-inner\"><div class=\"wpb_wrapper\">\n<div class=\"w-person layout_circle\" itemscope itemtype=\"https:\/\/schema.org\/Person\"><div class=\"w-person-image\"><img loading=\"lazy\" decoding=\"async\" width=\"477\" height=\"477\" src=\"https:\/\/sauceong.org\/wp-content\/uploads\/2022\/06\/JavierAlvarezCienfuegos2.png\" class=\"attachment-full size-full\" alt=\"\" srcset=\"https:\/\/sauceong.org\/wp-content\/uploads\/2022\/06\/JavierAlvarezCienfuegos2.png 477w, https:\/\/sauceong.org\/wp-content\/uploads\/2022\/06\/JavierAlvarezCienfuegos2-300x300.png 300w, https:\/\/sauceong.org\/wp-content\/uploads\/2022\/06\/JavierAlvarezCienfuegos2-150x150.png 150w, https:\/\/sauceong.org\/wp-content\/uploads\/2022\/06\/JavierAlvarezCienfuegos2-100x100.png 100w\" sizes=\"auto, (max-width: 477px) 100vw, 477px\" \/><\/div><div class=\"w-person-content\"><h4 itemprop=\"name\" class=\"w-person-name\"><span>Javier \u00c1lvarez-Cienfuegos<\/span><\/h4><div class=\"w-person-role\" itemprop=\"jobTitle\">Chairman<\/div><\/div><\/div><\/div><\/div><\/div><div class=\"vc_col-sm-3 wpb_column vc_column_container\"><div class=\"vc_column-inner\"><div class=\"wpb_wrapper\"><div class=\"w-person layout_circle\" itemscope itemtype=\"https:\/\/schema.org\/Person\"><div class=\"w-person-image\"><img loading=\"lazy\" decoding=\"async\" width=\"1059\" height=\"1059\" src=\"https:\/\/sauceong.org\/wp-content\/uploads\/2022\/06\/BorjaBarreras1.jpeg\" class=\"attachment-full size-full\" alt=\"\" srcset=\"https:\/\/sauceong.org\/wp-content\/uploads\/2022\/06\/BorjaBarreras1.jpeg 1059w, https:\/\/sauceong.org\/wp-content\/uploads\/2022\/06\/BorjaBarreras1-300x300.jpeg 300w, https:\/\/sauceong.org\/wp-content\/uploads\/2022\/06\/BorjaBarreras1-1024x1024.jpeg 1024w, https:\/\/sauceong.org\/wp-content\/uploads\/2022\/06\/BorjaBarreras1-150x150.jpeg 150w, https:\/\/sauceong.org\/wp-content\/uploads\/2022\/06\/BorjaBarreras1-600x600.jpeg 600w, https:\/\/sauceong.org\/wp-content\/uploads\/2022\/06\/BorjaBarreras1-100x100.jpeg 100w\" sizes=\"auto, (max-width: 1059px) 100vw, 1059px\" \/><\/div><div class=\"w-person-content\"><h4 itemprop=\"name\" class=\"w-person-name\"><span>Borja Barreras<\/span><\/h4><div class=\"w-person-role\" itemprop=\"jobTitle\">Vice chairman<\/div><\/div><\/div><\/div><\/div><\/div><div class=\"vc_col-sm-3 wpb_column vc_column_container\"><div class=\"vc_column-inner\"><div class=\"wpb_wrapper\"><div class=\"w-person layout_circle\" itemscope itemtype=\"https:\/\/schema.org\/Person\"><div class=\"w-person-image\"><img loading=\"lazy\" decoding=\"async\" width=\"282\" height=\"287\" src=\"https:\/\/sauceong.org\/wp-content\/uploads\/2014\/06\/cristinarubio.jpg\" class=\"attachment-full size-full\" alt=\"\" \/><\/div><div class=\"w-person-content\"><h4 itemprop=\"name\" class=\"w-person-name\"><span>Cristina Rubio Su\u00e1rez-Pazos<\/span><\/h4><div class=\"w-person-role\" itemprop=\"jobTitle\">Secretary<\/div><\/div><\/div><\/div><\/div><\/div><div class=\"vc_col-sm-3 wpb_column vc_column_container\"><div class=\"vc_column-inner\"><div class=\"wpb_wrapper\"><div class=\"w-person layout_circle\" itemscope itemtype=\"https:\/\/schema.org\/Person\"><div class=\"w-person-image\"><img loading=\"lazy\" decoding=\"async\" width=\"282\" height=\"287\" src=\"https:\/\/sauceong.org\/wp-content\/uploads\/2014\/06\/isabeloraa.jpg\" class=\"attachment-full size-full\" alt=\"\" \/><\/div><div class=\"w-person-content\"><h4 itemprop=\"name\" class=\"w-person-name\"><span>Isabel Ora\u00e1 Gortazar<\/span><\/h4><div class=\"w-person-role\" itemprop=\"jobTitle\">Treasurer<\/div><\/div><\/div><\/div><\/div><\/div><\/div><div class=\"g-cols wpb_row via_flex valign_top type_default stacking_default\" style=\"--additional-gap:4rem;\"><div class=\"vc_col-sm-3 wpb_column vc_column_container\"><div class=\"vc_column-inner\"><div class=\"wpb_wrapper\"><div class=\"w-person layout_circle\" itemscope itemtype=\"https:\/\/schema.org\/Person\"><div class=\"w-person-image\"><img loading=\"lazy\" decoding=\"async\" width=\"849\" height=\"849\" src=\"https:\/\/sauceong.org\/wp-content\/uploads\/2018\/08\/joseamian.jpg\" class=\"attachment-full size-full\" alt=\"\" srcset=\"https:\/\/sauceong.org\/wp-content\/uploads\/2018\/08\/joseamian.jpg 849w, https:\/\/sauceong.org\/wp-content\/uploads\/2018\/08\/joseamian-150x150.jpg 150w, https:\/\/sauceong.org\/wp-content\/uploads\/2018\/08\/joseamian-300x300.jpg 300w, https:\/\/sauceong.org\/wp-content\/uploads\/2018\/08\/joseamian-768x768.jpg 768w, https:\/\/sauceong.org\/wp-content\/uploads\/2018\/08\/joseamian-624x624.jpg 624w\" sizes=\"auto, (max-width: 849px) 100vw, 849px\" \/><\/div><div class=\"w-person-content\"><h4 itemprop=\"name\" class=\"w-person-name\"><span>Jos\u00e9 Ami\u00e1n S\u00e1nchez<\/span><\/h4><div class=\"w-person-role\" itemprop=\"jobTitle\">Board member<\/div><\/div><\/div><div class=\"w-separator size_custom\" style=\"height:30px\"><\/div><div class=\"w-person layout_circle\" itemscope itemtype=\"https:\/\/schema.org\/Person\"><div class=\"w-person-image\"><img loading=\"lazy\" decoding=\"async\" width=\"282\" height=\"287\" src=\"https:\/\/sauceong.org\/wp-content\/uploads\/2014\/06\/maitegarciamina.jpg\" class=\"attachment-full size-full\" alt=\"\" \/><\/div><div class=\"w-person-content\"><h4 itemprop=\"name\" class=\"w-person-name\"><span>M\u00aa Teresa Garc\u00eda-Mina Cabredo<\/span><\/h4><div class=\"w-person-role\" itemprop=\"jobTitle\">Board member<\/div><\/div><\/div><\/div><\/div><\/div><div class=\"vc_col-sm-3 wpb_column vc_column_container\"><div class=\"vc_column-inner\"><div class=\"wpb_wrapper\"><div class=\"w-person layout_circle\" itemscope itemtype=\"https:\/\/schema.org\/Person\"><div class=\"w-person-image\"><img loading=\"lazy\" decoding=\"async\" width=\"317\" height=\"303\" src=\"https:\/\/sauceong.org\/wp-content\/uploads\/2021\/06\/JaimeSoroa.jpeg\" class=\"attachment-full size-full\" alt=\"\" srcset=\"https:\/\/sauceong.org\/wp-content\/uploads\/2021\/06\/JaimeSoroa.jpeg 317w, https:\/\/sauceong.org\/wp-content\/uploads\/2021\/06\/JaimeSoroa-300x287.jpeg 300w, https:\/\/sauceong.org\/wp-content\/uploads\/2021\/06\/JaimeSoroa-100x96.jpeg 100w\" sizes=\"auto, (max-width: 317px) 100vw, 317px\" \/><\/div><div class=\"w-person-content\"><h4 itemprop=\"name\" class=\"w-person-name\"><span>Jaime Soroa Rubio<\/span><\/h4><div class=\"w-person-role\" itemprop=\"jobTitle\">Board member<\/div><\/div><\/div><div class=\"w-separator size_custom\" style=\"height:30px\"><\/div><div class=\"w-person layout_circle\" itemscope itemtype=\"https:\/\/schema.org\/Person\"><div class=\"w-person-image\"><img loading=\"lazy\" decoding=\"async\" width=\"282\" height=\"287\" src=\"https:\/\/sauceong.org\/wp-content\/uploads\/2014\/07\/MJoseGomez-Rodulfo.jpg\" class=\"attachment-full size-full\" alt=\"\" \/><\/div><div class=\"w-person-content\"><h4 itemprop=\"name\" class=\"w-person-name\"><span>M\u00aa Jos\u00e9 G\u00f3mez-Rodulfo Silos<\/span><\/h4><div class=\"w-person-role\" itemprop=\"jobTitle\">Board member<\/div><\/div><\/div><\/div><\/div><\/div><div class=\"vc_col-sm-3 wpb_column vc_column_container\"><div class=\"vc_column-inner\"><div class=\"wpb_wrapper\"><div class=\"w-person layout_circle\" itemscope itemtype=\"https:\/\/schema.org\/Person\"><div class=\"w-person-image\"><img loading=\"lazy\" decoding=\"async\" width=\"786\" height=\"785\" src=\"https:\/\/sauceong.org\/wp-content\/uploads\/2018\/08\/sandragoyeneche.jpg\" class=\"attachment-full size-full\" alt=\"\" srcset=\"https:\/\/sauceong.org\/wp-content\/uploads\/2018\/08\/sandragoyeneche.jpg 786w, https:\/\/sauceong.org\/wp-content\/uploads\/2018\/08\/sandragoyeneche-150x150.jpg 150w, https:\/\/sauceong.org\/wp-content\/uploads\/2018\/08\/sandragoyeneche-300x300.jpg 300w, https:\/\/sauceong.org\/wp-content\/uploads\/2018\/08\/sandragoyeneche-768x767.jpg 768w, https:\/\/sauceong.org\/wp-content\/uploads\/2018\/08\/sandragoyeneche-624x623.jpg 624w\" sizes=\"auto, (max-width: 786px) 100vw, 786px\" \/><\/div><div class=\"w-person-content\"><h4 itemprop=\"name\" class=\"w-person-name\"><span>Sandra Goyeneche<\/span><\/h4><div class=\"w-person-role\" itemprop=\"jobTitle\">Board member<\/div><\/div><\/div><div class=\"w-separator size_custom\" style=\"height:30px\"><\/div><div class=\"w-person layout_circle\" itemscope itemtype=\"https:\/\/schema.org\/Person\"><div class=\"w-person-image\"><img loading=\"lazy\" decoding=\"async\" width=\"611\" height=\"600\" src=\"https:\/\/sauceong.org\/wp-content\/uploads\/2021\/06\/AdelaChalbaud.jpeg\" class=\"attachment-full size-full\" alt=\"\" srcset=\"https:\/\/sauceong.org\/wp-content\/uploads\/2021\/06\/AdelaChalbaud.jpeg 611w, https:\/\/sauceong.org\/wp-content\/uploads\/2021\/06\/AdelaChalbaud-300x295.jpeg 300w, https:\/\/sauceong.org\/wp-content\/uploads\/2021\/06\/AdelaChalbaud-100x98.jpeg 100w\" sizes=\"auto, (max-width: 611px) 100vw, 611px\" \/><\/div><div class=\"w-person-content\"><h4 itemprop=\"name\" class=\"w-person-name\"><span>Adela Chalbaud Castellanos<\/span><\/h4><div class=\"w-person-role\" itemprop=\"jobTitle\">Board member<\/div><\/div><\/div><\/div><\/div><\/div><div class=\"vc_col-sm-3 wpb_column vc_column_container\"><div class=\"vc_column-inner\"><div class=\"wpb_wrapper\"><div class=\"w-person layout_circle\" itemscope itemtype=\"https:\/\/schema.org\/Person\"><div class=\"w-person-image\"><img loading=\"lazy\" decoding=\"async\" width=\"894\" height=\"894\" src=\"https:\/\/sauceong.org\/wp-content\/uploads\/2019\/09\/Teresa-2-1.jpg\" class=\"attachment-full size-full\" alt=\"\" srcset=\"https:\/\/sauceong.org\/wp-content\/uploads\/2019\/09\/Teresa-2-1.jpg 894w, https:\/\/sauceong.org\/wp-content\/uploads\/2019\/09\/Teresa-2-1-150x150.jpg 150w, https:\/\/sauceong.org\/wp-content\/uploads\/2019\/09\/Teresa-2-1-300x300.jpg 300w, https:\/\/sauceong.org\/wp-content\/uploads\/2019\/09\/Teresa-2-1-600x600.jpg 600w\" sizes=\"auto, (max-width: 894px) 100vw, 894px\" \/><\/div><div class=\"w-person-content\"><h4 itemprop=\"name\" class=\"w-person-name\"><span>Teresa Llana Armendariz<\/span><\/h4><div class=\"w-person-role\" itemprop=\"jobTitle\">Board member<\/div><\/div><\/div><div class=\"w-separator size_custom\" style=\"height:30px\"><\/div><div class=\"w-person layout_circle\" itemscope itemtype=\"https:\/\/schema.org\/Person\"><div class=\"w-person-image\"><img loading=\"lazy\" decoding=\"async\" width=\"1771\" height=\"1771\" src=\"https:\/\/sauceong.org\/wp-content\/uploads\/2022\/06\/PFR_Dec2020.jpg\" class=\"attachment-full size-full\" alt=\"\" srcset=\"https:\/\/sauceong.org\/wp-content\/uploads\/2022\/06\/PFR_Dec2020.jpg 1771w, https:\/\/sauceong.org\/wp-content\/uploads\/2022\/06\/PFR_Dec2020-300x300.jpg 300w, https:\/\/sauceong.org\/wp-content\/uploads\/2022\/06\/PFR_Dec2020-1024x1024.jpg 1024w, https:\/\/sauceong.org\/wp-content\/uploads\/2022\/06\/PFR_Dec2020-150x150.jpg 150w, https:\/\/sauceong.org\/wp-content\/uploads\/2022\/06\/PFR_Dec2020-600x600.jpg 600w, https:\/\/sauceong.org\/wp-content\/uploads\/2022\/06\/PFR_Dec2020-100x100.jpg 100w\" sizes=\"auto, (max-width: 1771px) 100vw, 1771px\" \/><\/div><div class=\"w-person-content\"><h4 itemprop=\"name\" class=\"w-person-name\"><span>Pablo Figaredo Rubio<\/span><\/h4><div class=\"w-person-role\" itemprop=\"jobTitle\">Board member<\/div><\/div><\/div><\/div><\/div><\/div><\/div><\/div><\/div><\/div><\/div><\/div><\/section><section class=\"l-section wpb_row us_custom_15ff09f9 height_auto width_full\"><div class=\"l-section-h i-cf\"><div class=\"g-cols vc_row via_flex valign_top type_default stacking_default\"><div class=\"vc_col-sm-12 wpb_column vc_column_container\"><div class=\"vc_column-inner\"><div class=\"wpb_wrapper\"><div class=\"w-separator size_custom\" style=\"height:50px\"><\/div><div class=\"g-cols wpb_row via_flex valign_top type_default stacking_default\"><div class=\"vc_col-sm-9 wpb_column vc_column_container\"><div class=\"vc_column-inner\"><div class=\"wpb_wrapper\"><div class=\"wpb_text_column\"><div class=\"wpb_wrapper\"><h3 style=\"text-align: left;\"><span style=\"color: #e8f281;\">Where do we invest your money?<\/span><\/h3>\n<\/div><\/div><div class=\"wpb_text_column\"><div class=\"wpb_wrapper\"><h5 style=\"text-align: left;\"><span style=\"color: #e8f281;\">Check our annual reports<\/span><\/h5>\n<\/div><\/div><\/div><\/div><\/div><div class=\"vc_col-sm-3 wpb_column vc_column_container\"><div class=\"vc_column-inner\"><div class=\"wpb_wrapper\"><div class=\"w-separator size_custom\" style=\"height:30px\"><\/div><div class=\"w-btn-wrapper align_right\"><a class=\"w-btn us-btn-style_26 icon_atright\" title=\"transparencia\" href=\"https:\/\/sauceong.org\/en\/transparency\/\"><span class=\"w-btn-label\">More Information<\/span><i class=\"fas fa-angle-right\"><\/i><\/a><\/div><\/div><\/div><\/div><\/div><div class=\"w-separator size_custom\" style=\"height:50px\"><\/div><\/div><\/div><\/div><\/div><\/div><\/section><!-- Row Backgrounds --><div class=\"upb_color\" data-bg-override=\"full\" data-bg-color=\"#2f2c59\" data-fadeout=\"\" data-fadeout-percentage=\"30\" data-parallax-content=\"\" data-parallax-content-sense=\"30\" data-row-effect-mobile-disable=\"true\" data-img-parallax-mobile-disable=\"true\" data-rtl=\"false\"  data-custom-vc-row=\"\"  data-vc=\"7.2\"  data-is_old_vc=\"\"  data-theme-support=\"\"   data-overlay=\"false\" data-overlay-color=\"\" data-overlay-pattern=\"\" data-overlay-pattern-opacity=\"\" data-overlay-pattern-size=\"\"    ><\/div>\n","protected":false},"excerpt":{"rendered":"Team This is how we organize for taking decisions Javier \u00c1lvarez-CienfuegosChairmanBorja BarrerasVice chairmanCristina Rubio Su\u00e1rez-PazosSecretaryIsabel Ora\u00e1 GortazarTreasurerJos\u00e9 Ami\u00e1n S\u00e1nchezBoard memberM\u00aa Teresa Garc\u00eda-Mina CabredoBoard memberJaime Soroa RubioBoard memberM\u00aa Jos\u00e9 G\u00f3mez-Rodulfo SilosBoard memberSandra GoyenecheBoard memberAdela Chalbaud CastellanosBoard memberTeresa Llana ArmendarizBoard memberPablo Figaredo RubioBoard member Where do we invest your money? Check our annual reports More Information","protected":false},"author":4,"featured_media":0,"parent":0,"menu_order":0,"comment_status":"closed","ping_status":"closed","template":"","meta":{"footnotes":""},"class_list":["post-8034","page","type-page","status-publish","hentry"],"yoast_head":"<!-- This site is optimized with the Yoast SEO plugin v22.7 - https:\/\/yoast.com\/wordpress\/plugins\/seo\/ -->\n<title>Team - SAUCE ONG<\/title>\n<meta name=\"robots\" content=\"index, follow, max-snippet:-1, max-image-preview:large, max-video-preview:-1\" \/>\n<link rel=\"canonical\" href=\"https:\/\/sauceong.org\/en\/team\/\" \/>\n<meta property=\"og:locale\" content=\"en_US\" \/>\n<meta property=\"og:type\" content=\"article\" \/>\n<meta property=\"og:title\" content=\"Team - SAUCE ONG\" \/>\n<meta property=\"og:url\" content=\"https:\/\/sauceong.org\/en\/team\/\" \/>\n<meta property=\"og:site_name\" content=\"SAUCE ONG\" \/>\n<meta property=\"article:modified_time\" content=\"2023-09-13T08:48:42+00:00\" \/>\n<meta name=\"twitter:card\" content=\"summary_large_image\" \/>\n<meta name=\"twitter:label1\" content=\"Est. reading time\" \/>\n\t<meta name=\"twitter:data1\" content=\"2 minutes\" \/>\n<script type=\"application\/ld+json\" class=\"yoast-schema-graph\">{\"@context\":\"https:\/\/schema.org\",\"@graph\":[{\"@type\":\"WebPage\",\"@id\":\"https:\/\/sauceong.org\/en\/team\/\",\"url\":\"https:\/\/sauceong.org\/en\/team\/\",\"name\":\"Team - SAUCE ONG\",\"isPartOf\":{\"@id\":\"https:\/\/sauceong.org\/en\/#website\"},\"datePublished\":\"2020-02-28T08:34:53+00:00\",\"dateModified\":\"2023-09-13T08:48:42+00:00\",\"breadcrumb\":{\"@id\":\"https:\/\/sauceong.org\/en\/team\/#breadcrumb\"},\"inLanguage\":\"en-US\",\"potentialAction\":[{\"@type\":\"ReadAction\",\"target\":[\"https:\/\/sauceong.org\/en\/team\/\"]}]},{\"@type\":\"BreadcrumbList\",\"@id\":\"https:\/\/sauceong.org\/en\/team\/#breadcrumb\",\"itemListElement\":[{\"@type\":\"ListItem\",\"position\":1,\"name\":\"Home\",\"item\":\"https:\/\/sauceong.org\/en\/\"},{\"@type\":\"ListItem\",\"position\":2,\"name\":\"Team\"}]},{\"@type\":\"WebSite\",\"@id\":\"https:\/\/sauceong.org\/en\/#website\",\"url\":\"https:\/\/sauceong.org\/en\/\",\"name\":\"SAUCE ONG\",\"description\":\"Unidos con Camboya para un futuro mejor\",\"potentialAction\":[{\"@type\":\"SearchAction\",\"target\":{\"@type\":\"EntryPoint\",\"urlTemplate\":\"https:\/\/sauceong.org\/en\/?s={search_term_string}\"},\"query-input\":\"required name=search_term_string\"}],\"inLanguage\":\"en-US\"}]}<\/script>\n<!-- \/ Yoast SEO plugin. -->","yoast_head_json":{"title":"Team - SAUCE ONG","robots":{"index":"index","follow":"follow","max-snippet":"max-snippet:-1","max-image-preview":"max-image-preview:large","max-video-preview":"max-video-preview:-1"},"canonical":"https:\/\/sauceong.org\/en\/team\/","og_locale":"en_US","og_type":"article","og_title":"Team - SAUCE ONG","og_url":"https:\/\/sauceong.org\/en\/team\/","og_site_name":"SAUCE ONG","article_modified_time":"2023-09-13T08:48:42+00:00","twitter_card":"summary_large_image","twitter_misc":{"Est. reading time":"2 minutes"},"schema":{"@context":"https:\/\/schema.org","@graph":[{"@type":"WebPage","@id":"https:\/\/sauceong.org\/en\/team\/","url":"https:\/\/sauceong.org\/en\/team\/","name":"Team - SAUCE ONG","isPartOf":{"@id":"https:\/\/sauceong.org\/en\/#website"},"datePublished":"2020-02-28T08:34:53+00:00","dateModified":"2023-09-13T08:48:42+00:00","breadcrumb":{"@id":"https:\/\/sauceong.org\/en\/team\/#breadcrumb"},"inLanguage":"en-US","potentialAction":[{"@type":"ReadAction","target":["https:\/\/sauceong.org\/en\/team\/"]}]},{"@type":"BreadcrumbList","@id":"https:\/\/sauceong.org\/en\/team\/#breadcrumb","itemListElement":[{"@type":"ListItem","position":1,"name":"Home","item":"https:\/\/sauceong.org\/en\/"},{"@type":"ListItem","position":2,"name":"Team"}]},{"@type":"WebSite","@id":"https:\/\/sauceong.org\/en\/#website","url":"https:\/\/sauceong.org\/en\/","name":"SAUCE ONG","description":"Unidos con Camboya para un futuro mejor","potentialAction":[{"@type":"SearchAction","target":{"@type":"EntryPoint","urlTemplate":"https:\/\/sauceong.org\/en\/?s={search_term_string}"},"query-input":"required name=search_term_string"}],"inLanguage":"en-US"}]}},"_links":{"self":[{"href":"https:\/\/sauceong.org\/en\/wp-json\/wp\/v2\/pages\/8034","targetHints":{"allow":["GET"]}}],"collection":[{"href":"https:\/\/sauceong.org\/en\/wp-json\/wp\/v2\/pages"}],"about":[{"href":"https:\/\/sauceong.org\/en\/wp-json\/wp\/v2\/types\/page"}],"author":[{"embeddable":true,"href":"https:\/\/sauceong.org\/en\/wp-json\/wp\/v2\/users\/4"}],"replies":[{"embeddable":true,"href":"https:\/\/sauceong.org\/en\/wp-json\/wp\/v2\/comments?post=8034"}],"version-history":[{"count":6,"href":"https:\/\/sauceong.org\/en\/wp-json\/wp\/v2\/pages\/8034\/revisions"}],"predecessor-version":[{"id":9231,"href":"https:\/\/sauceong.org\/en\/wp-json\/wp\/v2\/pages\/8034\/revisions\/9231"}],"wp:attachment":[{"href":"https:\/\/sauceong.org\/en\/wp-json\/wp\/v2\/media?parent=8034"}],"curies":[{"name":"wp","href":"https:\/\/api.w.org\/{rel}","templated":true}]}}