{"id":8038,"date":"2020-02-28T08:36:53","date_gmt":"2020-02-28T08:36:53","guid":{"rendered":"https:\/\/sauceong.org\/?page_id=8038"},"modified":"2020-05-21T14:37:21","modified_gmt":"2020-05-21T12:37:21","slug":"kike-figaredo","status":"publish","type":"page","link":"https:\/\/sauceong.org\/en\/kike-figaredo\/","title":{"rendered":"Kike Figaredo"},"content":{"rendered":"<section class=\"l-section wpb_row us_custom_8807b6b2 height_medium\"><div class=\"l-section-h i-cf\"><div class=\"g-cols vc_row via_flex valign_top type_default stacking_default\"><div class=\"vc_col-sm-12 wpb_column vc_column_container\"><div class=\"vc_column-inner\"><div class=\"wpb_wrapper\">\n\t\t\t<!-- START Kike Figaredo REVOLUTION SLIDER 6.7.11 --><p class=\"rs-p-wp-fix\"><\/p>\n\t\t\t<rs-module-wrap id=\"rev_slider_5_1_wrapper\" data-source=\"gallery\" style=\"visibility:hidden;background:transparent;padding:0;margin:0px auto;margin-top:0;margin-bottom:0;\">\n\t\t\t\t<rs-module id=\"rev_slider_5_1\" style=\"\" data-version=\"6.7.11\">\n\t\t\t\t\t<rs-slides style=\"overflow: hidden; position: absolute;\">\n\t\t\t\t\t\t<rs-slide style=\"position: absolute;\" data-key=\"rs-15\" data-title=\"Slide\" data-anim=\"ms:600;\" data-in=\"o:0;\" data-out=\"a:false;\">\n\t\t\t\t\t\t\t<img decoding=\"async\" src=\"\/\/sauceong.org\/wp-content\/plugins\/revslider\/sr6\/assets\/assets\/dummy.png\" alt=\"\" title=\"Kike\" width=\"1032\" height=\"274\" class=\"rev-slidebg tp-rs-img rs-lazyload\" data-lazyload=\"\/\/sauceong.org\/wp-content\/uploads\/2019\/09\/Kike.jpg\" data-bg=\"p:center bottom;\" data-panzoom=\"d:10000;ss:100;se:105;\" data-no-retina>\n<!--\n\t\t\t\t\t\t\t--><rs-layer\n\t\t\t\t\t\t\t\tid=\"slider-5-slide-15-layer-1\" \n\t\t\t\t\t\t\t\tclass=\"tp-shapetp-shapewrapper\"\n\t\t\t\t\t\t\t\tdata-type=\"shape\"\n\t\t\t\t\t\t\t\tdata-rsp_ch=\"on\"\n\t\t\t\t\t\t\t\tdata-xy=\"xo:41px,41px,39px,36px;yo:289px,289px,108px,128px;\"\n\t\t\t\t\t\t\t\tdata-text=\"fw:800;a:inherit;\"\n\t\t\t\t\t\t\t\tdata-dim=\"w:340px,340px,222px,176px;h:68px,68px,48px,35px;\"\n\t\t\t\t\t\t\t\tdata-frame_0=\"o:1;\"\n\t\t\t\t\t\t\t\tdata-frame_0_sfx=\"se:blocktoright;fxc:#32b776;\"\n\t\t\t\t\t\t\t\tdata-frame_1=\"e:power4.inOut;sp:2000;sR:10;\"\n\t\t\t\t\t\t\t\tdata-frame_1_sfx=\"se:blocktoright;fxc:#32b776;\"\n\t\t\t\t\t\t\t\tdata-frame_999=\"o:0;st:w;sR:6990;\"\n\t\t\t\t\t\t\t\tstyle=\"z-index:8;background-color:#2f2c59;\"\n\t\t\t\t\t\t\t> \n\t\t\t\t\t\t\t<\/rs-layer><!--\n\n\t\t\t\t\t\t\t--><rs-layer\n\t\t\t\t\t\t\t\tid=\"slider-5-slide-15-layer-2\" \n\t\t\t\t\t\t\t\tdata-type=\"text\"\n\t\t\t\t\t\t\t\tdata-color=\"#e1f7eb\"\n\t\t\t\t\t\t\t\tdata-rsp_ch=\"on\"\n\t\t\t\t\t\t\t\tdata-xy=\"xo:56px,56px,51px,46px;yo:314px,314px,122px,135px;\"\n\t\t\t\t\t\t\t\tdata-text=\"s:48,48,32,25;l:22;fw:800;a:inherit;\"\n\t\t\t\t\t\t\t\tdata-frame_1=\"e:power3.in;sp:1500;sR:10;\"\n\t\t\t\t\t\t\t\tdata-frame_999=\"o:0;st:w;sp:0;sR:7490;\"\n\t\t\t\t\t\t\t\tstyle=\"z-index:9;font-family:'Nunito';\"\n\t\t\t\t\t\t\t>Kike Figaredo \n\t\t\t\t\t\t\t<\/rs-layer><!--\n-->\t\t\t\t\t<\/rs-slide>\n\t\t\t\t\t<\/rs-slides>\n\t\t\t\t<\/rs-module>\n\t\t\t\t<script>\n\t\t\t\t\tsetREVStartSize({c: 'rev_slider_5_1',rl:[1240,1024,778,480],el:[400,350,200,200],gw:[1240,1024,778,500],gh:[400,400,250,200],type:'standard',justify:'',layout:'fullwidth',mh:\"0\"});if (window.RS_MODULES!==undefined && window.RS_MODULES.modules!==undefined && window.RS_MODULES.modules[\"revslider51\"]!==undefined) {window.RS_MODULES.modules[\"revslider51\"].once = false;window.revapi5 = undefined;if (window.RS_MODULES.checkMinimal!==undefined) window.RS_MODULES.checkMinimal()}\n\t\t\t\t<\/script>\n\t\t\t<\/rs-module-wrap>\n\t\t\t<!-- END REVOLUTION SLIDER -->\n<\/div><\/div><\/div><\/div><\/div><\/section><section class=\"l-section wpb_row height_medium\"><div class=\"l-section-h i-cf\"><div class=\"g-cols vc_row via_flex valign_top type_default stacking_default\"><div class=\"vc_col-sm-12 wpb_column vc_column_container\"><div class=\"vc_column-inner\"><div class=\"wpb_wrapper\"><div class=\"g-cols wpb_row via_flex valign_top type_default stacking_default\"><div class=\"vc_col-sm-6 wpb_column vc_column_container\"><div class=\"vc_column-inner\"><div class=\"wpb_wrapper\"><div class=\"w-image align_none\"><div class=\"w-image-h\"><img loading=\"lazy\" decoding=\"async\" width=\"794\" height=\"724\" src=\"https:\/\/sauceong.org\/wp-content\/uploads\/2019\/09\/kike-figaredo-3.jpg\" class=\"attachment-large size-large\" alt=\"\" srcset=\"https:\/\/sauceong.org\/wp-content\/uploads\/2019\/09\/kike-figaredo-3.jpg 794w, https:\/\/sauceong.org\/wp-content\/uploads\/2019\/09\/kike-figaredo-3-300x274.jpg 300w, https:\/\/sauceong.org\/wp-content\/uploads\/2019\/09\/kike-figaredo-3-600x547.jpg 600w\" sizes=\"auto, (max-width: 794px) 100vw, 794px\" \/><\/div><\/div><\/div><\/div><\/div><div class=\"vc_col-sm-6 wpb_column vc_column_container\"><div class=\"vc_column-inner\"><div class=\"wpb_wrapper\"><div class=\"wpb_text_column\"><div class=\"wpb_wrapper\"><p>Monsignor Enrique (&#8220;Kike&#8221;) Figaredo, an Asturian Jesuit who has dedicated nearly 35 years of his life to the care of the needy. Kike began his work in 1985, in the refugee camps located near the Thailand-Cambodia border, focusing on supporting people with disabilities.<\/p>\n<p>In 1991 he founded Banteay Prieb (Casa de la Paloma), near Phnom Penh: a vocational training center for the disabled where currently study more than 200 students and where the famous wheelchair \u201cMekong\u201d was created, producing and distributing more than 1,400 units of this chair throughout the country.<\/p>\n<\/div><\/div><div class=\"w-separator size_custom\" style=\"height:25px\"><\/div><div class=\"wpb_text_column\"><div class=\"wpb_wrapper\"><h3 class=\"p1\" style=\"text-align: left;\"><span style=\"color: #32b776;\">\u201cDespite the suffering, you see those smiles that pierce you\u201d.<\/span><\/h3>\n<\/div><\/div><div class=\"w-separator size_custom\" style=\"height:25px\"><\/div><div class=\"wpb_text_column\"><div class=\"wpb_wrapper\"><p class=\"p1\"><span class=\"s1\">Kike tambi\u00e9n trabaj\u00f3 estrechamente con la Campa\u00f1a Internacional para Prohibir las Minas Terrestres (ICBL). Esta campa\u00f1a impuls\u00f3 la firma del tratado internacional de Ottawa en 1997 y recibi\u00f3 el Premio Nobel de la Paz en el mismo a\u00f1o. <\/span><\/p>\n<\/div><\/div><div class=\"wpb_text_column\"><div class=\"wpb_wrapper\"><p>Kike also worked closely with the ICBL (International Campaign to Ban Landmines). This campaign promoted the signature of the Ottawa Treaty in 1997 and was awarded the Nobel Prize for Peace in the same year.<\/p>\n<p>In 2000, Kike was appointed Apostolic Prefect of Battambang, position that currently combines with that of president of Caritas Cambodia. Under his supervision, the Prefecture has developed social and humanitarian projects of different types, including support for people with disabilities, education, agriculture and environment, health and socio-economic development, currently benefiting about 80,000 people.<\/p>\n<\/div><\/div><div class=\"w-separator size_custom\" style=\"height:30px\"><\/div><\/div><\/div><\/div><\/div><div class=\"w-separator size_custom\" style=\"height:25px\"><\/div><div class=\"g-cols wpb_row via_flex valign_top type_default stacking_default\"><div class=\"vc_col-sm-2 wpb_column vc_column_container\"><div class=\"vc_column-inner\"><div class=\"wpb_wrapper\"><\/div><\/div><\/div><div class=\"vc_col-sm-8 wpb_column vc_column_container\"><div class=\"vc_column-inner\"><div class=\"wpb_wrapper\"><div class=\"wpb_text_column\"><div class=\"wpb_wrapper\"><h3 class=\"p1\" style=\"text-align: center;\"><span style=\"color: #32b776;\">\u201cThere will be peace in the world when<br \/>\nwe be able to demine our hearts\u201d<\/span><\/h3>\n<\/div><\/div><\/div><\/div><\/div><div class=\"vc_col-sm-2 wpb_column vc_column_container\"><div class=\"vc_column-inner\"><div class=\"wpb_wrapper\"><\/div><\/div><\/div><\/div><div class=\"w-separator size_custom\" style=\"height:30px\"><\/div><div class=\"wpb_text_column\"><div class=\"wpb_wrapper\"><p>His dedication to others has led him to receive several nominations and awards, among others, the Bandr\u00e9s Prize (2002), the Grand Cross of Civil Merit of Solidarity (2004), the Casa Asia Award (2007) the Emilio Barb\u00f3n Foundation Award (2007), the Vocento Human Values Award \u200b\u200b(2008), the Luis No\u00e9 Fern\u00e1ndez Award (2011), the Colmena de Oro Prize for Solidarity (2014) or the Fuera de Serie magazine Solidarity Award (2018).<\/p>\n<\/div><\/div><div class=\"w-separator size_custom\" style=\"height:25px\"><\/div><div class=\"wpb_text_column\"><div class=\"wpb_wrapper\"><p>The NGO SAUCE was born in 2001 to support Kike in his projects and initiatives,\u00a0tirelessly supporting the projects of the Prefecture in northern Cambodia. SAUCE&#8217;s mission is to work together to provide opportunities with the hope that Cambodians will have a better future, with special attention to people with disabilities, people in vulnerable situations or extreme poverty and of course, children and young people &#8211; we believe It is essential to bet and invest in the youth of a country under reconstruction.<\/p>\n<\/div><\/div><div class=\"w-separator size_custom\" style=\"height:25px\"><\/div><div class=\"w-separator size_custom\" style=\"height:30px\"><\/div><div class=\"w-slider style_none fit_scaledown\"><div class=\"w-slider-h\"><div class=\"royalSlider\"><div class=\"rsContent\"><a class=\"rsImg\" data-rsw=\"900\" data-rsh=\"500\" href=\"https:\/\/sauceong.org\/wp-content\/uploads\/2019\/09\/kike-slider-4.jpg\"><span data-alt=\"\"><\/span><\/a><img loading=\"lazy\" decoding=\"async\" width=\"150\" height=\"150\" src=\"https:\/\/sauceong.org\/wp-content\/uploads\/2019\/09\/kike-slider-4-150x150.jpg\" class=\"rsTmb\" alt=\"\" srcset=\"https:\/\/sauceong.org\/wp-content\/uploads\/2019\/09\/kike-slider-4-150x150.jpg 150w, https:\/\/sauceong.org\/wp-content\/uploads\/2019\/09\/kike-slider-4-300x300.jpg 300w\" sizes=\"auto, (max-width: 150px) 100vw, 150px\" \/><\/div><div class=\"rsContent\"><a class=\"rsImg\" data-rsw=\"900\" data-rsh=\"500\" href=\"https:\/\/sauceong.org\/wp-content\/uploads\/2019\/09\/kike-slider-6.jpg\"><span data-alt=\"\"><\/span><\/a><img loading=\"lazy\" decoding=\"async\" width=\"150\" height=\"150\" src=\"https:\/\/sauceong.org\/wp-content\/uploads\/2019\/09\/kike-slider-6-150x150.jpg\" class=\"rsTmb\" alt=\"\" srcset=\"https:\/\/sauceong.org\/wp-content\/uploads\/2019\/09\/kike-slider-6-150x150.jpg 150w, https:\/\/sauceong.org\/wp-content\/uploads\/2019\/09\/kike-slider-6-300x300.jpg 300w\" sizes=\"auto, (max-width: 150px) 100vw, 150px\" \/><\/div><div class=\"rsContent\"><a class=\"rsImg\" data-rsw=\"900\" data-rsh=\"500\" href=\"https:\/\/sauceong.org\/wp-content\/uploads\/2019\/09\/kike-slider-3.jpg\"><span data-alt=\"\"><\/span><\/a><img loading=\"lazy\" decoding=\"async\" width=\"150\" height=\"150\" src=\"https:\/\/sauceong.org\/wp-content\/uploads\/2019\/09\/kike-slider-3-150x150.jpg\" class=\"rsTmb\" alt=\"\" srcset=\"https:\/\/sauceong.org\/wp-content\/uploads\/2019\/09\/kike-slider-3-150x150.jpg 150w, https:\/\/sauceong.org\/wp-content\/uploads\/2019\/09\/kike-slider-3-300x300.jpg 300w\" sizes=\"auto, (max-width: 150px) 100vw, 150px\" \/><\/div><div class=\"rsContent\"><a class=\"rsImg\" data-rsw=\"900\" data-rsh=\"500\" href=\"https:\/\/sauceong.org\/wp-content\/uploads\/2019\/09\/kike-slider-7.jpg\"><span data-alt=\"\"><\/span><\/a><img loading=\"lazy\" decoding=\"async\" width=\"150\" height=\"150\" src=\"https:\/\/sauceong.org\/wp-content\/uploads\/2019\/09\/kike-slider-7-150x150.jpg\" class=\"rsTmb\" alt=\"\" srcset=\"https:\/\/sauceong.org\/wp-content\/uploads\/2019\/09\/kike-slider-7-150x150.jpg 150w, https:\/\/sauceong.org\/wp-content\/uploads\/2019\/09\/kike-slider-7-300x300.jpg 300w\" sizes=\"auto, (max-width: 150px) 100vw, 150px\" \/><\/div><div class=\"rsContent\"><a class=\"rsImg\" data-rsw=\"900\" data-rsh=\"500\" href=\"https:\/\/sauceong.org\/wp-content\/uploads\/2019\/09\/kike-slider-10.jpg\"><span data-alt=\"\"><\/span><\/a><img loading=\"lazy\" decoding=\"async\" width=\"150\" height=\"150\" src=\"https:\/\/sauceong.org\/wp-content\/uploads\/2019\/09\/kike-slider-10-150x150.jpg\" class=\"rsTmb\" alt=\"\" srcset=\"https:\/\/sauceong.org\/wp-content\/uploads\/2019\/09\/kike-slider-10-150x150.jpg 150w, https:\/\/sauceong.org\/wp-content\/uploads\/2019\/09\/kike-slider-10-300x300.jpg 300w\" sizes=\"auto, (max-width: 150px) 100vw, 150px\" \/><\/div><div class=\"rsContent\"><a class=\"rsImg\" data-rsw=\"900\" data-rsh=\"500\" href=\"https:\/\/sauceong.org\/wp-content\/uploads\/2019\/09\/kike-slider-9.jpg\"><span data-alt=\"\"><\/span><\/a><img loading=\"lazy\" decoding=\"async\" width=\"150\" height=\"150\" src=\"https:\/\/sauceong.org\/wp-content\/uploads\/2019\/09\/kike-slider-9-150x150.jpg\" class=\"rsTmb\" alt=\"\" srcset=\"https:\/\/sauceong.org\/wp-content\/uploads\/2019\/09\/kike-slider-9-150x150.jpg 150w, https:\/\/sauceong.org\/wp-content\/uploads\/2019\/09\/kike-slider-9-300x300.jpg 300w\" sizes=\"auto, (max-width: 150px) 100vw, 150px\" \/><\/div><div class=\"rsContent\"><a class=\"rsImg\" data-rsw=\"900\" data-rsh=\"500\" href=\"https:\/\/sauceong.org\/wp-content\/uploads\/2019\/09\/kike-slider-8.jpg\"><span data-alt=\"\"><\/span><\/a><img loading=\"lazy\" decoding=\"async\" width=\"150\" height=\"150\" src=\"https:\/\/sauceong.org\/wp-content\/uploads\/2019\/09\/kike-slider-8-150x150.jpg\" class=\"rsTmb\" alt=\"\" srcset=\"https:\/\/sauceong.org\/wp-content\/uploads\/2019\/09\/kike-slider-8-150x150.jpg 150w, https:\/\/sauceong.org\/wp-content\/uploads\/2019\/09\/kike-slider-8-300x300.jpg 300w\" sizes=\"auto, (max-width: 150px) 100vw, 150px\" \/><\/div><div class=\"rsContent\"><a class=\"rsImg\" data-rsw=\"900\" data-rsh=\"500\" href=\"https:\/\/sauceong.org\/wp-content\/uploads\/2019\/09\/kike-slider-5.jpg\"><span data-alt=\"\"><\/span><\/a><img loading=\"lazy\" decoding=\"async\" width=\"150\" height=\"150\" src=\"https:\/\/sauceong.org\/wp-content\/uploads\/2019\/09\/kike-slider-5-150x150.jpg\" class=\"rsTmb\" alt=\"\" srcset=\"https:\/\/sauceong.org\/wp-content\/uploads\/2019\/09\/kike-slider-5-150x150.jpg 150w, https:\/\/sauceong.org\/wp-content\/uploads\/2019\/09\/kike-slider-5-300x300.jpg 300w\" sizes=\"auto, (max-width: 150px) 100vw, 150px\" \/><\/div><div class=\"rsContent\"><a class=\"rsImg\" data-rsw=\"900\" data-rsh=\"500\" href=\"https:\/\/sauceong.org\/wp-content\/uploads\/2019\/09\/kike-slider-2.jpg\"><span data-alt=\"\"><\/span><\/a><img loading=\"lazy\" decoding=\"async\" width=\"150\" height=\"150\" src=\"https:\/\/sauceong.org\/wp-content\/uploads\/2019\/09\/kike-slider-2-150x150.jpg\" class=\"rsTmb\" alt=\"\" srcset=\"https:\/\/sauceong.org\/wp-content\/uploads\/2019\/09\/kike-slider-2-150x150.jpg 150w, https:\/\/sauceong.org\/wp-content\/uploads\/2019\/09\/kike-slider-2-300x300.jpg 300w\" sizes=\"auto, (max-width: 150px) 100vw, 150px\" \/><\/div><div class=\"rsContent\"><a class=\"rsImg\" data-rsw=\"900\" data-rsh=\"500\" href=\"https:\/\/sauceong.org\/wp-content\/uploads\/2019\/09\/kike-slider-1.jpg\"><span data-alt=\"\"><\/span><\/a><img loading=\"lazy\" decoding=\"async\" width=\"150\" height=\"150\" src=\"https:\/\/sauceong.org\/wp-content\/uploads\/2019\/09\/kike-slider-1-150x150.jpg\" class=\"rsTmb\" alt=\"\" srcset=\"https:\/\/sauceong.org\/wp-content\/uploads\/2019\/09\/kike-slider-1-150x150.jpg 150w, https:\/\/sauceong.org\/wp-content\/uploads\/2019\/09\/kike-slider-1-300x300.jpg 300w\" sizes=\"auto, (max-width: 150px) 100vw, 150px\" \/><\/div><div class=\"rsContent\"><a class=\"rsImg\" data-rsw=\"900\" data-rsh=\"500\" href=\"https:\/\/sauceong.org\/wp-content\/uploads\/2019\/09\/kike-slider-11.jpg\"><span data-alt=\"\"><\/span><\/a><img loading=\"lazy\" decoding=\"async\" width=\"150\" height=\"150\" src=\"https:\/\/sauceong.org\/wp-content\/uploads\/2019\/09\/kike-slider-11-150x150.jpg\" class=\"rsTmb\" alt=\"\" srcset=\"https:\/\/sauceong.org\/wp-content\/uploads\/2019\/09\/kike-slider-11-150x150.jpg 150w, https:\/\/sauceong.org\/wp-content\/uploads\/2019\/09\/kike-slider-11-300x300.jpg 300w\" sizes=\"auto, (max-width: 150px) 100vw, 150px\" \/><\/div><\/div><img decoding=\"async\" src=\"https:\/\/sauceong.org\/wp-content\/uploads\/2019\/09\/kike-slider-4.jpg\" width=\"900\" height=\"500\" alt loading=\"lazy\"><\/div><div class=\"w-slider-json\" onclick='return {&quot;autoScaleSlider&quot;:true,&quot;loop&quot;:true,&quot;fadeInLoadedSlide&quot;:false,&quot;slidesSpacing&quot;:0,&quot;imageScalePadding&quot;:0,&quot;numImagesToPreload&quot;:2,&quot;arrowsNav&quot;:true,&quot;arrowsNavAutoHide&quot;:false,&quot;transitionType&quot;:&quot;move&quot;,&quot;transitionSpeed&quot;:250,&quot;block&quot;:{&quot;moveEffect&quot;:&quot;none&quot;,&quot;speed&quot;:300},&quot;thumbs&quot;:{&quot;fitInViewport&quot;:false},&quot;controlNavigation&quot;:&quot;thumbnails&quot;,&quot;autoplay&quot;:{&quot;enabled&quot;:true,&quot;pauseOnHover&quot;:true,&quot;delay&quot;:3000},&quot;imageScaleMode&quot;:&quot;fit-if-smaller&quot;,&quot;autoScaleSliderWidth&quot;:900,&quot;autoScaleSliderHeight&quot;:500}'><\/div><\/div><\/div><\/div><\/div><\/div><\/div><\/section><section class=\"l-section wpb_row us_custom_15ff09f9 height_auto width_full\"><div class=\"l-section-h i-cf\"><div class=\"g-cols vc_row via_flex valign_top type_default stacking_default\"><div class=\"vc_col-sm-12 wpb_column vc_column_container\"><div class=\"vc_column-inner\"><div class=\"wpb_wrapper\"><div class=\"w-separator size_custom\" style=\"height:50px\"><\/div><div class=\"g-cols wpb_row via_flex valign_top type_default stacking_default\"><div class=\"vc_col-sm-9 wpb_column vc_column_container\"><div class=\"vc_column-inner\"><div class=\"wpb_wrapper\"><div class=\"wpb_text_column\"><div class=\"wpb_wrapper\"><h3 style=\"text-align: left;\"><span style=\"color: #e8f281;\">Where do we invest your money?<\/span><\/h3>\n<\/div><\/div><div class=\"wpb_text_column\"><div class=\"wpb_wrapper\"><h5 style=\"text-align: left;\"><span style=\"color: #e8f281;\">Check our annual reports<\/span><\/h5>\n<\/div><\/div><\/div><\/div><\/div><div class=\"vc_col-sm-3 wpb_column vc_column_container\"><div class=\"vc_column-inner\"><div class=\"wpb_wrapper\"><div class=\"w-separator size_custom\" style=\"height:30px\"><\/div><div class=\"w-btn-wrapper align_right\"><a class=\"w-btn us-btn-style_26 icon_atright\" title=\"transparencia\" href=\"https:\/\/sauceong.org\/en\/transparency\/\"><span class=\"w-btn-label\">More information<\/span><i class=\"fas fa-angle-right\"><\/i><\/a><\/div><\/div><\/div><\/div><\/div><div class=\"w-separator size_custom\" style=\"height:50px\"><\/div><\/div><\/div><\/div><\/div><\/div><\/section><!-- Row Backgrounds --><div class=\"upb_color\" data-bg-override=\"full\" data-bg-color=\"#2f2c59\" data-fadeout=\"\" data-fadeout-percentage=\"30\" data-parallax-content=\"\" data-parallax-content-sense=\"30\" data-row-effect-mobile-disable=\"true\" data-img-parallax-mobile-disable=\"true\" data-rtl=\"false\"  data-custom-vc-row=\"\"  data-vc=\"7.2\"  data-is_old_vc=\"\"  data-theme-support=\"\"   data-overlay=\"false\" data-overlay-color=\"\" data-overlay-pattern=\"\" data-overlay-pattern-opacity=\"\" data-overlay-pattern-size=\"\"    ><\/div>\n","protected":false},"excerpt":{"rendered":"Kike Figaredo Monsignor Enrique (&#8220;Kike&#8221;) Figaredo, an Asturian Jesuit who has dedicated nearly 35 years of his life to the care of the needy. Kike began his work in 1985, in the refugee camps located near the Thailand-Cambodia border, focusing on supporting people with disabilities. In 1991 he founded Banteay Prieb (Casa de la Paloma),...","protected":false},"author":4,"featured_media":0,"parent":0,"menu_order":0,"comment_status":"closed","ping_status":"closed","template":"","meta":{"footnotes":""},"class_list":["post-8038","page","type-page","status-publish","hentry"],"yoast_head":"<!-- This site is optimized with the Yoast SEO plugin v22.7 - https:\/\/yoast.com\/wordpress\/plugins\/seo\/ -->\n<title>Kike Figaredo - SAUCE ONG<\/title>\n<meta name=\"robots\" content=\"index, follow, max-snippet:-1, max-image-preview:large, max-video-preview:-1\" \/>\n<link rel=\"canonical\" href=\"https:\/\/sauceong.org\/en\/kike-figaredo\/\" \/>\n<meta property=\"og:locale\" content=\"en_US\" \/>\n<meta property=\"og:type\" content=\"article\" \/>\n<meta property=\"og:title\" content=\"Kike Figaredo - SAUCE ONG\" \/>\n<meta property=\"og:url\" content=\"https:\/\/sauceong.org\/en\/kike-figaredo\/\" \/>\n<meta property=\"og:site_name\" content=\"SAUCE ONG\" \/>\n<meta property=\"article:modified_time\" content=\"2020-05-21T12:37:21+00:00\" \/>\n<meta name=\"twitter:card\" content=\"summary_large_image\" \/>\n<meta name=\"twitter:label1\" content=\"Est. reading time\" \/>\n\t<meta name=\"twitter:data1\" content=\"3 minutes\" \/>\n<script type=\"application\/ld+json\" class=\"yoast-schema-graph\">{\"@context\":\"https:\/\/schema.org\",\"@graph\":[{\"@type\":\"WebPage\",\"@id\":\"https:\/\/sauceong.org\/en\/kike-figaredo\/\",\"url\":\"https:\/\/sauceong.org\/en\/kike-figaredo\/\",\"name\":\"Kike Figaredo - SAUCE ONG\",\"isPartOf\":{\"@id\":\"https:\/\/sauceong.org\/en\/#website\"},\"datePublished\":\"2020-02-28T08:36:53+00:00\",\"dateModified\":\"2020-05-21T12:37:21+00:00\",\"breadcrumb\":{\"@id\":\"https:\/\/sauceong.org\/en\/kike-figaredo\/#breadcrumb\"},\"inLanguage\":\"en-US\",\"potentialAction\":[{\"@type\":\"ReadAction\",\"target\":[\"https:\/\/sauceong.org\/en\/kike-figaredo\/\"]}]},{\"@type\":\"BreadcrumbList\",\"@id\":\"https:\/\/sauceong.org\/en\/kike-figaredo\/#breadcrumb\",\"itemListElement\":[{\"@type\":\"ListItem\",\"position\":1,\"name\":\"Home\",\"item\":\"https:\/\/sauceong.org\/en\/\"},{\"@type\":\"ListItem\",\"position\":2,\"name\":\"Kike Figaredo\"}]},{\"@type\":\"WebSite\",\"@id\":\"https:\/\/sauceong.org\/en\/#website\",\"url\":\"https:\/\/sauceong.org\/en\/\",\"name\":\"SAUCE ONG\",\"description\":\"Unidos con Camboya para un futuro mejor\",\"potentialAction\":[{\"@type\":\"SearchAction\",\"target\":{\"@type\":\"EntryPoint\",\"urlTemplate\":\"https:\/\/sauceong.org\/en\/?s={search_term_string}\"},\"query-input\":\"required name=search_term_string\"}],\"inLanguage\":\"en-US\"}]}<\/script>\n<!-- \/ Yoast SEO plugin. -->","yoast_head_json":{"title":"Kike Figaredo - SAUCE ONG","robots":{"index":"index","follow":"follow","max-snippet":"max-snippet:-1","max-image-preview":"max-image-preview:large","max-video-preview":"max-video-preview:-1"},"canonical":"https:\/\/sauceong.org\/en\/kike-figaredo\/","og_locale":"en_US","og_type":"article","og_title":"Kike Figaredo - SAUCE ONG","og_url":"https:\/\/sauceong.org\/en\/kike-figaredo\/","og_site_name":"SAUCE ONG","article_modified_time":"2020-05-21T12:37:21+00:00","twitter_card":"summary_large_image","twitter_misc":{"Est. reading time":"3 minutes"},"schema":{"@context":"https:\/\/schema.org","@graph":[{"@type":"WebPage","@id":"https:\/\/sauceong.org\/en\/kike-figaredo\/","url":"https:\/\/sauceong.org\/en\/kike-figaredo\/","name":"Kike Figaredo - SAUCE ONG","isPartOf":{"@id":"https:\/\/sauceong.org\/en\/#website"},"datePublished":"2020-02-28T08:36:53+00:00","dateModified":"2020-05-21T12:37:21+00:00","breadcrumb":{"@id":"https:\/\/sauceong.org\/en\/kike-figaredo\/#breadcrumb"},"inLanguage":"en-US","potentialAction":[{"@type":"ReadAction","target":["https:\/\/sauceong.org\/en\/kike-figaredo\/"]}]},{"@type":"BreadcrumbList","@id":"https:\/\/sauceong.org\/en\/kike-figaredo\/#breadcrumb","itemListElement":[{"@type":"ListItem","position":1,"name":"Home","item":"https:\/\/sauceong.org\/en\/"},{"@type":"ListItem","position":2,"name":"Kike Figaredo"}]},{"@type":"WebSite","@id":"https:\/\/sauceong.org\/en\/#website","url":"https:\/\/sauceong.org\/en\/","name":"SAUCE ONG","description":"Unidos con Camboya para un futuro mejor","potentialAction":[{"@type":"SearchAction","target":{"@type":"EntryPoint","urlTemplate":"https:\/\/sauceong.org\/en\/?s={search_term_string}"},"query-input":"required name=search_term_string"}],"inLanguage":"en-US"}]}},"_links":{"self":[{"href":"https:\/\/sauceong.org\/en\/wp-json\/wp\/v2\/pages\/8038","targetHints":{"allow":["GET"]}}],"collection":[{"href":"https:\/\/sauceong.org\/en\/wp-json\/wp\/v2\/pages"}],"about":[{"href":"https:\/\/sauceong.org\/en\/wp-json\/wp\/v2\/types\/page"}],"author":[{"embeddable":true,"href":"https:\/\/sauceong.org\/en\/wp-json\/wp\/v2\/users\/4"}],"replies":[{"embeddable":true,"href":"https:\/\/sauceong.org\/en\/wp-json\/wp\/v2\/comments?post=8038"}],"version-history":[{"count":5,"href":"https:\/\/sauceong.org\/en\/wp-json\/wp\/v2\/pages\/8038\/revisions"}],"predecessor-version":[{"id":8465,"href":"https:\/\/sauceong.org\/en\/wp-json\/wp\/v2\/pages\/8038\/revisions\/8465"}],"wp:attachment":[{"href":"https:\/\/sauceong.org\/en\/wp-json\/wp\/v2\/media?parent=8038"}],"curies":[{"name":"wp","href":"https:\/\/api.w.org\/{rel}","templated":true}]}}