{"id":8043,"date":"2020-02-28T08:38:02","date_gmt":"2020-02-28T08:38:02","guid":{"rendered":"https:\/\/sauceong.org\/?page_id=8043"},"modified":"2020-03-06T09:25:47","modified_gmt":"2020-03-06T09:25:47","slug":"politica-de-privacidad","status":"publish","type":"page","link":"https:\/\/sauceong.org\/en\/politica-de-privacidad\/","title":{"rendered":"Pol\u00edtica de privacidad"},"content":{"rendered":"<section class=\"l-section wpb_row us_custom_1c5685e2 height_auto\"><div class=\"l-section-h i-cf\"><div class=\"g-cols vc_row via_flex valign_top type_default stacking_default\"><div class=\"vc_col-sm-12 wpb_column vc_column_container\"><div class=\"vc_column-inner\"><div class=\"wpb_wrapper\"><div class=\"wpb_text_column\"><div class=\"wpb_wrapper\"><h1><span style=\"color: #32b776;\">Pol\u00edtica de Privacidad<\/span><\/h1>\n<\/div><\/div><div class=\"w-separator size_custom\" style=\"height:60px\"><\/div><div class=\"wpb_text_column us_custom_f4a8f6e7\"><div class=\"wpb_wrapper\"><p class=\"p1\">Nuestra pol\u00edtica de privacidad describe como recogemos, guardamos o utilizamos la informaci\u00f3n que recabamos a trav\u00e9s de los diferentes servicios o p\u00e1ginas disponibles en este sitio. Es importante que entienda que informaci\u00f3n recogemos y como la utilizamos ya que el acceso a este sitio implica la aceptaci\u00f3n nuestra pol\u00edtica de privacidad.<\/p>\n<\/div><\/div><div class=\"g-cols wpb_row via_flex valign_top type_default stacking_default\"><div class=\"vc_col-sm-12 wpb_column vc_column_container\"><div class=\"vc_column-inner\"><div class=\"wpb_wrapper\"><div class=\"w-separator size_custom\" style=\"height:30px\"><\/div><div class=\"wpb_text_column\"><div class=\"wpb_wrapper\"><h5><span style=\"color: #32b776;\">1.- IDENTIFICACI\u00d3N DEL RESPONSABLE DEL TRATAMIENTO<\/span><\/h5>\n<\/div><\/div><div class=\"wpb_text_column us_custom_f4a8f6e7\"><div class=\"wpb_wrapper\"><ul>\n<li><strong>Titular<\/strong>:\u00a0<strong>SOLIDARIDAD, AYUDA Y UNI\u00d3N CREAN ESPERANZA<\/strong>\u00a0(en adelante, el \u201c<strong>S.A.U.C.E.<\/strong>\u201d o el \u201c<strong>Responsable<\/strong>\u201d)<\/li>\n<li><strong>Domicilio social:<\/strong>\u00a0Calle Espalter, n\u00fam. 5 \u2013 1\u00ba \u2013 IZQ, 28014 (Madrid).<\/li>\n<li><strong>NIF<\/strong>: G82912528<\/li>\n<li><strong>Correo electr\u00f3nico:<\/strong>\u00a0sauce@sauceong.org<\/li>\n<\/ul>\n<\/div><\/div><\/div><\/div><\/div><\/div><div class=\"g-cols wpb_row via_flex valign_top type_default stacking_default\"><div class=\"vc_col-sm-12 wpb_column vc_column_container\"><div class=\"vc_column-inner\"><div class=\"wpb_wrapper\"><div class=\"w-separator size_custom\" style=\"height:30px\"><\/div><div class=\"wpb_text_column\"><div class=\"wpb_wrapper\"><h5><span style=\"color: #32b776;\">2.- INFORMACI\u00d3N Y CONSENTIMIENTO<\/span><\/h5>\n<\/div><\/div><div class=\"wpb_text_column us_custom_f4a8f6e7\"><div class=\"wpb_wrapper\"><p class=\"p1\">De conformidad con lo dispuesto en el Reglamento (UE) 2016\/679 General de Protecci\u00f3n de datos y el resto de normativa vigente, mediante la aceptaci\u00f3n de la presente Pol\u00edtica de Privacidad, el usuario presta su consentimiento informado, expreso, libre e inequ\u00edvoco para que los datos personales que proporcione a trav\u00e9s de la navegaci\u00f3n en la web del\u00a0<strong>Responsable\u00a0<\/strong><a href=\"https:\/\/www.sauceong.org\/\">www.sauceong.org<\/a>\u00a0(en adelante, el \u201c<strong>Sitio Web<\/strong>\u201d) sean tratados por el Titular de la misma de conformidad con las finalidades indicadas a continuaci\u00f3n en la presente pol\u00edtica de privacidad.<\/p>\n<\/div><\/div><\/div><\/div><\/div><\/div><div class=\"g-cols wpb_row via_flex valign_top type_default stacking_default\"><div class=\"vc_col-sm-12 wpb_column vc_column_container\"><div class=\"vc_column-inner\"><div class=\"wpb_wrapper\"><div class=\"w-separator size_custom\" style=\"height:30px\"><\/div><div class=\"wpb_text_column\"><div class=\"wpb_wrapper\"><h5><span style=\"color: #32b776;\">3.- OBLIGATORIEDAD DE FACILITAR LOS DATOS<\/span><\/h5>\n<\/div><\/div><div class=\"wpb_text_column us_custom_f4a8f6e7\"><div class=\"wpb_wrapper\"><p>Los datos solicitados en los formularios dispuestos en el Sitio Web son, con car\u00e1cter general, obligatorios (salvo que en el campo requerido se especifique lo contrario) para cumplir con las finalidades establecidas.<\/p>\n<p>Por lo tanto, si no se facilitan los mismos o no se facilitan correctamente no podr\u00e1n atenderse las solicitudes de los usuarios.<\/p>\n<\/div><\/div><\/div><\/div><\/div><\/div><div class=\"g-cols wpb_row via_flex valign_top type_default stacking_default\"><div class=\"vc_col-sm-12 wpb_column vc_column_container\"><div class=\"vc_column-inner\"><div class=\"wpb_wrapper\"><div class=\"w-separator size_custom\" style=\"height:30px\"><\/div><div class=\"wpb_text_column\"><div class=\"wpb_wrapper\"><h5><span style=\"color: #32b776;\">4.- \u00bfCON QU\u00c9 FINALIDADES TRATAMOS SUS DATOS?<\/span><\/h5>\n<\/div><\/div><div class=\"wpb_text_column us_custom_f4a8f6e7\"><div class=\"wpb_wrapper\"><p>Los datos personales que tratamos a trav\u00e9s del Sitio Web del\u00a0<strong>Responsable\u00a0<\/strong>ser\u00e1n utilizados para las siguientes finalidades:<\/p>\n<ul>\n<li>Gesti\u00f3n de la inscripci\u00f3n como socio del usuario a trav\u00e9s de los formularios del Sitio Web \u201cHazte socio\u201d.<\/li>\n<li>Gesti\u00f3n de las consultas y sugerencias de los usuarios a trav\u00e9s de los medios de contacto del Sitio Web.<\/li>\n<li>Gestionar la realizaci\u00f3n de donaciones por parte de los usuarios que lo deseen a trav\u00e9s de la informaci\u00f3n que se contiene en el presente Sitio Web.<\/li>\n<\/ul>\n<p>La realizaci\u00f3n de donaciones puede conllevar la utilizaci\u00f3n de datos personales de terceros, los cuales son proporcionados por los usuarios que realizan la donaci\u00f3n a fin de participar en campa\u00f1as solidarias u otras iniciativas an\u00e1logas, siendo estos responsables de la veracidad de los datos facilitados, as\u00ed como de la informaci\u00f3n y el consentimiento prestado por el titular de los mismos para su tratamiento.<\/p>\n<ul>\n<li>Remitir comunicaciones informativas sobre las actividades del Responsable, incluyendo la posibilidad de oposici\u00f3n por parte del usuario en cualquier momento.<\/li>\n<\/ul>\n<\/div><\/div><\/div><\/div><\/div><\/div><div class=\"g-cols wpb_row via_flex valign_top type_default stacking_default\"><div class=\"vc_col-sm-12 wpb_column vc_column_container\"><div class=\"vc_column-inner\"><div class=\"wpb_wrapper\"><div class=\"w-separator size_custom\" style=\"height:30px\"><\/div><div class=\"wpb_text_column\"><div class=\"wpb_wrapper\"><h5><span style=\"color: #32b776;\">5.- LEGITIMACI\u00d3N DEL TRATAMIENTO Y PLAZO DE CONSERVACI\u00d3N DE SUS DATOS<\/span><\/h5>\n<\/div><\/div><div class=\"wpb_text_column us_custom_f4a8f6e7\"><div class=\"wpb_wrapper\"><p>El tratamiento de datos personales para la gesti\u00f3n de la inscripci\u00f3n como socio de los usuarios y la gesti\u00f3n de sus consultas y sugerencias tiene como base legitimadora su consentimiento al realizar tales acciones.<\/p>\n<p>El tratamiento de datos personales para la gesti\u00f3n administrativa y econ\u00f3mica de donaciones dirigidas al Responsable tiene como base legitimadora la necesidad de ejecutar un contrato en el cual el usuario es parte y el tratamiento dirigido a remitirle comunicaciones informativas acerca de la actividad del Responsable, a partir de ese momento, es el inter\u00e9s leg\u00edtimo del responsable, teniendo el usuario la posibilidad de oponerse a su tratamiento en cualquier momento.<\/p>\n<p>Los datos tratados ser\u00e1n conservados durante el tiempo necesario para la realizaci\u00f3n de las finalidades para las que fueron recogidos, esto es para la prestaci\u00f3n de los servicios y, con posterioridad, hasta la prescripci\u00f3n de las eventuales responsabilidades derivadas de aquellas.<\/p>\n<\/div><\/div><\/div><\/div><\/div><\/div><div class=\"g-cols wpb_row via_flex valign_top type_default stacking_default\"><div class=\"vc_col-sm-12 wpb_column vc_column_container\"><div class=\"vc_column-inner\"><div class=\"wpb_wrapper\"><div class=\"w-separator size_custom\" style=\"height:30px\"><\/div><div class=\"wpb_text_column\"><div class=\"wpb_wrapper\"><h5><span style=\"color: #32b776;\">6.- COMUNICACI\u00d3N DE LOS DATOS A TERCEROS<\/span><\/h5>\n<\/div><\/div><div class=\"wpb_text_column us_custom_f4a8f6e7\"><div class=\"wpb_wrapper\"><p>Le informamos de que el Responsable podr\u00e1 comunicar sus datos personales a las entidades bancarias para la realizaci\u00f3n de las donaciones econ\u00f3micas efectuadas por los usuarios, as\u00ed como a las Administraciones p\u00fablicas, por exigencia y disposici\u00f3n legal.<\/p>\n<p>Adicionalmente, el usuario que proporcione datos de terceros se obliga expresamente a informar y recabar el consentimiento del titular de los datos del interesado, quedando el Responsable eximido de cualquier responsabilidad en este sentido.<\/p>\n<\/div><\/div><\/div><\/div><\/div><\/div><div class=\"g-cols wpb_row via_flex valign_top type_default stacking_default\"><div class=\"vc_col-sm-12 wpb_column vc_column_container\"><div class=\"vc_column-inner\"><div class=\"wpb_wrapper\"><div class=\"w-separator size_custom\" style=\"height:30px\"><\/div><div class=\"wpb_text_column\"><div class=\"wpb_wrapper\"><h5><span style=\"color: #32b776;\">7.- EJERCICIO DE DERECHOS<\/span><\/h5>\n<\/div><\/div><div class=\"wpb_text_column us_custom_f4a8f6e7\"><div class=\"wpb_wrapper\"><p>El interesado puede enviar un escrito al Responsable a la direcci\u00f3n indicada en el encabezado de la presente Pol\u00edtica, o bien por medio de un correo electr\u00f3nico a la direcci\u00f3n\u00a0<a href=\"mailto:sauce@sauceong.org\">sauce@sauceong.org<\/a>, adjuntando fotocopia de su documento de identidad, en cualquier momento y de manera gratuita, para:<\/p>\n<ul>\n<li>Revocar los consentimientos otorgados (sin perjuicio de la licitud del obtenido hasta ese momento).<\/li>\n<li>Obtener informaci\u00f3n acerca de si el Responsable est\u00e1 tratando datos personales que conciernen al usuario o no.<\/li>\n<li>Acceder a sus datos personales.<\/li>\n<li>Rectificar datos inexactos o incompletos.<\/li>\n<li>Solicitar la supresi\u00f3n de sus datos cuando, entre otros motivos, los datos no sean necesarios para los fines que fueron recogidos.<\/li>\n<li>Oponerse al tratamiento de sus datos por parte del Responsable.<\/li>\n<li>Obtener del Responsable la limitaci\u00f3n del tratamiento de los datos cuando se cumpla alguna de las condiciones previstas en la normativa de protecci\u00f3n de datos.<\/li>\n<li>Solicitar la portabilidad de los datos facilitados por el Usuario en aquellos casos previstos en la normativa.<\/li>\n<\/ul>\n<p>Finalmente, podr\u00e1 interponer una reclamaci\u00f3n relativa a la protecci\u00f3n de sus datos personales ante la Agencia Espa\u00f1ola de Protecci\u00f3n de Datos en la direcci\u00f3n Calle de Jorge Juan, 6, 28001 Madrid, cuando el interesado considere que el Responsable ha vulnerado los derechos que le son reconocidos por la normativa aplicable en protecci\u00f3n de datos.<\/p>\n<\/div><\/div><\/div><\/div><\/div><\/div><div class=\"g-cols wpb_row via_flex valign_top type_default stacking_default\"><div class=\"vc_col-sm-12 wpb_column vc_column_container\"><div class=\"vc_column-inner\"><div class=\"wpb_wrapper\"><div class=\"w-separator size_custom\" style=\"height:30px\"><\/div><div class=\"wpb_text_column\"><div class=\"wpb_wrapper\"><h5><span style=\"color: #32b776;\">8.- MEDIDAS DE SEGURIDAD<\/span><\/h5>\n<\/div><\/div><div class=\"wpb_text_column us_custom_f4a8f6e7\"><div class=\"wpb_wrapper\"><p>Por \u00faltimo, le informamos de que el Responsable tratar\u00e1 sus datos en todo momento de forma absolutamente confidencial y guardando el preceptivo deber de secreto respecto de los mismos, de conformidad con lo previsto en la normativa de aplicaci\u00f3n, adoptando al efecto las medidas de \u00edndole t\u00e9cnica y organizativas necesarias que garanticen la seguridad de sus datos y eviten su alteraci\u00f3n, p\u00e9rdida, tratamiento o acceso no autorizado, habida cuenta del estado de la tecnolog\u00eda, la naturaleza de los datos almacenados y los riesgos a los que est\u00e1n expuestos.<\/p>\n<p>\u00daltima actualizaci\u00f3n: 12 de diciembre de 2018.<\/p>\n<p><strong>Copyright \u00a9 2018 S.A.U.C.E. ONG.\u00a0<\/strong><strong>Todos los derechos reservados.<\/strong><\/p>\n<\/div><\/div><\/div><\/div><\/div><\/div><div class=\"g-cols wpb_row via_flex valign_top type_default stacking_default\"><div class=\"vc_col-sm-12 wpb_column vc_column_container\"><div class=\"vc_column-inner\"><div class=\"wpb_wrapper\"><div class=\"w-separator size_custom\" style=\"height:30px\"><\/div><div class=\"wpb_text_column\"><div class=\"wpb_wrapper\"><h6><span style=\"color: #32b776;\">Cookies<\/span><\/h6>\n<\/div><\/div><div class=\"wpb_text_column us_custom_f4a8f6e7\"><div class=\"wpb_wrapper\"><p>El acceso a este puede implicar la utilizaci\u00f3n de cookies. Las cookies son peque\u00f1as cantidades de informaci\u00f3n que se almacenan en el navegador utilizado por cada usuario para que el servidor recuerde cierta informaci\u00f3n que posteriormente pueda utilizar. Esta informaci\u00f3n permite identificarle a usted como un usuario concreto y permite guardar sus preferencias personales, as\u00ed como informaci\u00f3n t\u00e9cnica como puedan ser visitas o p\u00e1ginas concretas que visite.<br \/>\nAquellos usuarios que no deseen recibir cookies o quieran ser informados antes de que se almacenen en su ordenador, pueden configurar su navegador a tal efecto.<\/p>\n<p>La mayor parte de los navegadores de hoy en d\u00eda permiten la gesti\u00f3n de las cookies de 3 formas diferentes:<\/p>\n<ol>\n<li>Las cookies no se aceptan nunca<\/li>\n<li>El navegador pregunta al usuario si se debe aceptar cada cookie<\/li>\n<li>Las cookies se aceptan siempre<\/li>\n<\/ol>\n<p>El navegador tambi\u00e9n puede incluir la posibilidad de especificar mejor qu\u00e9 cookies tienen que ser aceptadas y cu\u00e1les no. En concreto, el usuario puede normalmente aceptar alguna de las siguientes opciones: rechazar las cookies de determinados dominios; rechazar las cookies de terceros; aceptar cookies como no persistentes (se eliminan cuando el navegador se cierra); permitir al servidor crear cookies para un dominio diferente. Adem\u00e1s, los navegadores pueden tambi\u00e9n permitir a los usuarios ver y borrar cookies individualmente.<\/p>\n<p>Google, como proveedor asociado, utiliza cookies para publicar anuncios en su sitio. Los usuarios pueden inhabilitar el uso de la cookie de DART a trav\u00e9s del anuncio de Google y accediendo a la pol\u00edtica de privacidad de la red de contenido.<\/p>\n<p>Dispone de m\u00e1s informaci\u00f3n sobre las Cookies en:\u00a0<a href=\"http:\/\/es.wikipedia.org\/wiki\/Cookie\" target=\"_blank\" rel=\"noopener noreferrer\">http:\/\/es.wikipedia.org\/wiki\/Cookie<\/a><\/p>\n<\/div><\/div><\/div><\/div><\/div><\/div><div class=\"g-cols wpb_row via_flex valign_top type_default stacking_default\"><div class=\"vc_col-sm-12 wpb_column vc_column_container\"><div class=\"vc_column-inner\"><div class=\"wpb_wrapper\"><div class=\"w-separator size_custom\" style=\"height:30px\"><\/div><div class=\"wpb_text_column\"><div class=\"wpb_wrapper\"><h6><span style=\"color: #32b776;\">Web Beacons<\/span><\/h6>\n<\/div><\/div><div class=\"wpb_text_column us_custom_f4a8f6e7\"><div class=\"wpb_wrapper\"><p>Este sitio puede albergar tambi\u00e9n web beacons (tambi\u00e9n conocidos por web bugs). Los web beacons suelen ser peque\u00f1as im\u00e1genes de un pixel por un pixel, visibles o invisibles colocados dentro del c\u00f3digo fuente de las p\u00e1ginas web de un sitio. Los Web beacons sirven y se utilizan de una forma similar a las cookies. Adem\u00e1s, los web beacons suelen utilizarse para medir el tr\u00e1fico de usuarios que visitan una p\u00e1gina web y poder sacar un patr\u00f3n de los usuarios de un sitio.<\/p>\n<p>Dispone de m\u00e1s informaci\u00f3n sobre los web beacons en:\u00a0<a href=\"http:\/\/es.wikipedia.org\/wiki\/Web_bug\" target=\"_blank\" rel=\"noopener noreferrer\">http:\/\/es.wikipedia.org\/wiki\/Web_bug<\/a><\/p>\n<\/div><\/div><\/div><\/div><\/div><\/div><div class=\"g-cols wpb_row via_flex valign_top type_default stacking_default\"><div class=\"vc_col-sm-12 wpb_column vc_column_container\"><div class=\"vc_column-inner\"><div class=\"wpb_wrapper\"><div class=\"w-separator size_custom\" style=\"height:30px\"><\/div><div class=\"wpb_text_column\"><div class=\"wpb_wrapper\"><h6><span style=\"color: #32b776;\">Terceros<\/span><\/h6>\n<\/div><\/div><div class=\"wpb_text_column us_custom_f4a8f6e7\"><div class=\"wpb_wrapper\"><p>En algunos casos, compartimos informaci\u00f3n sobre los visitantes de este sitio de forma an\u00f3nima o agregada con terceros como puedan ser anunciantes, patrocinadores o auditores con el \u00fanico fin de mejorar nuestros servicios. Todas estas tareas de procesamiento ser\u00e1n reguladas seg\u00fan las normas legales y se respetar\u00e1n todos sus derechos en materia de protecci\u00f3n de datos conforme a la regulaci\u00f3n vigente.<\/p>\n<p>Este sitio mide el tr\u00e1fico con diferentes soluciones que pueden utilizar cookies o web beacons para analizar lo que sucede en nuestras p\u00e1ginas. Actualmente utilizamos las siguientes soluciones para la medici\u00f3n del tr\u00e1fico de este sitio. Puede ver m\u00e1s informaci\u00f3n sobre la pol\u00edtica de privacidad de cada una de las soluciones utilizadas para tal efecto:<\/p>\n<p>Nielsen\/\/NetRatings:\u00a0<a href=\"http:\/\/www.netratings.com\/corp.jsp?section=leg_scs_es&amp;nav=3\" target=\"_blank\" rel=\"noopener noreferrer\">http:\/\/www.netratings.com\/corp.jsp?section=leg_scs_es&amp;nav=3<\/a><br \/>\nGoogle (Analytics):\u00a0<a href=\"http:\/\/www.google.com\/intl\/es_ALL\/privacypolicy.html\" target=\"_blank\" rel=\"noopener noreferrer\">http:\/\/www.google.com\/intl\/es_ALL\/privacypolicy.html<\/a><\/p>\n<p>Este sitio tambi\u00e9n puede albergar publicidad propia, de afiliados, o de redes publicitarias. Esta publicidad se muestra mediante servidores publicitarios que tambi\u00e9n utilizan cookies para mostrar contenidos publicitarios afines a los usuarios. Cada uno de estos servidores publicitarios dispone de su propia pol\u00edtica de privacidad, que puede ser consultada en sus propias p\u00e1ginas web.<\/p>\n<p>Google utiliza empresas publicitarias asociadas para publicar anuncios cuando visita nuestro sitio web. Es posible que estas empresas usen la informaci\u00f3n que obtienen de sus visitas a este y otros sitios web (sin incluir su nombre, direcci\u00f3n, direcci\u00f3n de correo electr\u00f3nico o n\u00famero de tel\u00e9fono) para ofrecerle anuncios sobre productos y servicios que le resulten de inter\u00e9s.<\/p>\n<\/div><\/div><\/div><\/div><\/div><\/div><div class=\"g-cols wpb_row via_flex valign_top type_default stacking_default\"><div class=\"vc_col-sm-12 wpb_column vc_column_container\"><div class=\"vc_column-inner\"><div class=\"wpb_wrapper\"><div class=\"w-separator size_custom\" style=\"height:30px\"><\/div><div class=\"wpb_text_column\"><div class=\"wpb_wrapper\"><h6><span style=\"color: #32b776;\">Actualmente este sitio alberga publicidad de:<\/span><\/h6>\n<\/div><\/div><div class=\"wpb_text_column us_custom_f4a8f6e7\"><div class=\"wpb_wrapper\"><p>Google Adsense:\u00a0<a href=\"http:\/\/www.google.com\/intl\/es_ALL\/privacypolicy.html\" target=\"_blank\" rel=\"noopener noreferrer\">http:\/\/www.google.com\/intl\/es_ALL\/privacypolicy.html<\/a><br \/>\nTradedoubler:\u00a0<a href=\"http:\/\/www.tradedoubler.com\/pan\/cms\/privacy_policy\" target=\"_blank\" rel=\"noopener noreferrer\">http:\/\/www.tradedoubler.com\/pan\/cms\/privacy_policy<\/a><\/p>\n<p>(Pol\u00edtica de Privacidad bajo licencia CC)<\/p>\n<\/div><\/div><\/div><\/div><\/div><\/div><div class=\"w-separator size_custom\" style=\"height:100px\"><\/div><\/div><\/div><\/div><\/div><\/div><\/section>\n","protected":false},"excerpt":{"rendered":"Pol\u00edtica de Privacidad Nuestra pol\u00edtica de privacidad describe como recogemos, guardamos o utilizamos la informaci\u00f3n que recabamos a trav\u00e9s de los diferentes servicios o p\u00e1ginas disponibles en este sitio. Es importante que entienda que informaci\u00f3n recogemos y como la utilizamos ya que el acceso a este sitio implica la aceptaci\u00f3n nuestra pol\u00edtica de privacidad. 1.-...","protected":false},"author":4,"featured_media":0,"parent":0,"menu_order":0,"comment_status":"closed","ping_status":"closed","template":"","meta":{"footnotes":""},"class_list":["post-8043","page","type-page","status-publish","hentry"],"yoast_head":"<!-- This site is optimized with the Yoast SEO plugin v22.7 - https:\/\/yoast.com\/wordpress\/plugins\/seo\/ -->\n<title>Pol\u00edtica de privacidad - SAUCE ONG<\/title>\n<meta name=\"robots\" content=\"index, follow, max-snippet:-1, max-image-preview:large, max-video-preview:-1\" \/>\n<link rel=\"canonical\" href=\"https:\/\/sauceong.org\/en\/politica-de-privacidad\/\" \/>\n<meta property=\"og:locale\" content=\"en_US\" \/>\n<meta property=\"og:type\" content=\"article\" \/>\n<meta property=\"og:title\" content=\"Pol\u00edtica de privacidad - SAUCE ONG\" \/>\n<meta property=\"og:url\" content=\"https:\/\/sauceong.org\/en\/politica-de-privacidad\/\" \/>\n<meta property=\"og:site_name\" content=\"SAUCE ONG\" \/>\n<meta property=\"article:modified_time\" content=\"2020-03-06T09:25:47+00:00\" \/>\n<meta name=\"twitter:card\" content=\"summary_large_image\" \/>\n<meta name=\"twitter:label1\" content=\"Est. reading time\" \/>\n\t<meta name=\"twitter:data1\" content=\"11 minutes\" \/>\n<script type=\"application\/ld+json\" class=\"yoast-schema-graph\">{\"@context\":\"https:\/\/schema.org\",\"@graph\":[{\"@type\":\"WebPage\",\"@id\":\"https:\/\/sauceong.org\/en\/politica-de-privacidad\/\",\"url\":\"https:\/\/sauceong.org\/en\/politica-de-privacidad\/\",\"name\":\"Pol\u00edtica de privacidad - SAUCE ONG\",\"isPartOf\":{\"@id\":\"https:\/\/sauceong.org\/en\/#website\"},\"datePublished\":\"2020-02-28T08:38:02+00:00\",\"dateModified\":\"2020-03-06T09:25:47+00:00\",\"breadcrumb\":{\"@id\":\"https:\/\/sauceong.org\/en\/politica-de-privacidad\/#breadcrumb\"},\"inLanguage\":\"en-US\",\"potentialAction\":[{\"@type\":\"ReadAction\",\"target\":[\"https:\/\/sauceong.org\/en\/politica-de-privacidad\/\"]}]},{\"@type\":\"BreadcrumbList\",\"@id\":\"https:\/\/sauceong.org\/en\/politica-de-privacidad\/#breadcrumb\",\"itemListElement\":[{\"@type\":\"ListItem\",\"position\":1,\"name\":\"Home\",\"item\":\"https:\/\/sauceong.org\/en\/\"},{\"@type\":\"ListItem\",\"position\":2,\"name\":\"Pol\u00edtica de privacidad\"}]},{\"@type\":\"WebSite\",\"@id\":\"https:\/\/sauceong.org\/en\/#website\",\"url\":\"https:\/\/sauceong.org\/en\/\",\"name\":\"SAUCE ONG\",\"description\":\"Unidos con Camboya para un futuro mejor\",\"potentialAction\":[{\"@type\":\"SearchAction\",\"target\":{\"@type\":\"EntryPoint\",\"urlTemplate\":\"https:\/\/sauceong.org\/en\/?s={search_term_string}\"},\"query-input\":\"required name=search_term_string\"}],\"inLanguage\":\"en-US\"}]}<\/script>\n<!-- \/ Yoast SEO plugin. -->","yoast_head_json":{"title":"Pol\u00edtica de privacidad - SAUCE ONG","robots":{"index":"index","follow":"follow","max-snippet":"max-snippet:-1","max-image-preview":"max-image-preview:large","max-video-preview":"max-video-preview:-1"},"canonical":"https:\/\/sauceong.org\/en\/politica-de-privacidad\/","og_locale":"en_US","og_type":"article","og_title":"Pol\u00edtica de privacidad - SAUCE ONG","og_url":"https:\/\/sauceong.org\/en\/politica-de-privacidad\/","og_site_name":"SAUCE ONG","article_modified_time":"2020-03-06T09:25:47+00:00","twitter_card":"summary_large_image","twitter_misc":{"Est. reading time":"11 minutes"},"schema":{"@context":"https:\/\/schema.org","@graph":[{"@type":"WebPage","@id":"https:\/\/sauceong.org\/en\/politica-de-privacidad\/","url":"https:\/\/sauceong.org\/en\/politica-de-privacidad\/","name":"Pol\u00edtica de privacidad - SAUCE ONG","isPartOf":{"@id":"https:\/\/sauceong.org\/en\/#website"},"datePublished":"2020-02-28T08:38:02+00:00","dateModified":"2020-03-06T09:25:47+00:00","breadcrumb":{"@id":"https:\/\/sauceong.org\/en\/politica-de-privacidad\/#breadcrumb"},"inLanguage":"en-US","potentialAction":[{"@type":"ReadAction","target":["https:\/\/sauceong.org\/en\/politica-de-privacidad\/"]}]},{"@type":"BreadcrumbList","@id":"https:\/\/sauceong.org\/en\/politica-de-privacidad\/#breadcrumb","itemListElement":[{"@type":"ListItem","position":1,"name":"Home","item":"https:\/\/sauceong.org\/en\/"},{"@type":"ListItem","position":2,"name":"Pol\u00edtica de privacidad"}]},{"@type":"WebSite","@id":"https:\/\/sauceong.org\/en\/#website","url":"https:\/\/sauceong.org\/en\/","name":"SAUCE ONG","description":"Unidos con Camboya para un futuro mejor","potentialAction":[{"@type":"SearchAction","target":{"@type":"EntryPoint","urlTemplate":"https:\/\/sauceong.org\/en\/?s={search_term_string}"},"query-input":"required name=search_term_string"}],"inLanguage":"en-US"}]}},"_links":{"self":[{"href":"https:\/\/sauceong.org\/en\/wp-json\/wp\/v2\/pages\/8043","targetHints":{"allow":["GET"]}}],"collection":[{"href":"https:\/\/sauceong.org\/en\/wp-json\/wp\/v2\/pages"}],"about":[{"href":"https:\/\/sauceong.org\/en\/wp-json\/wp\/v2\/types\/page"}],"author":[{"embeddable":true,"href":"https:\/\/sauceong.org\/en\/wp-json\/wp\/v2\/users\/4"}],"replies":[{"embeddable":true,"href":"https:\/\/sauceong.org\/en\/wp-json\/wp\/v2\/comments?post=8043"}],"version-history":[{"count":2,"href":"https:\/\/sauceong.org\/en\/wp-json\/wp\/v2\/pages\/8043\/revisions"}],"predecessor-version":[{"id":8173,"href":"https:\/\/sauceong.org\/en\/wp-json\/wp\/v2\/pages\/8043\/revisions\/8173"}],"wp:attachment":[{"href":"https:\/\/sauceong.org\/en\/wp-json\/wp\/v2\/media?parent=8043"}],"curies":[{"name":"wp","href":"https:\/\/api.w.org\/{rel}","templated":true}]}}